{"id":514,"date":"2024-07-11T16:10:01","date_gmt":"2024-07-11T14:10:01","guid":{"rendered":"https:\/\/romanidelmontgri.com\/?page_id=514"},"modified":"2025-02-05T10:50:25","modified_gmt":"2025-02-05T09:50:25","slug":"consentiment-inequivoc","status":"publish","type":"page","link":"https:\/\/romanidelmontgri.com\/fr\/consentiment-inequivoc\/","title":{"rendered":"Consentement sans \u00e9quivoque"},"content":{"rendered":"<div data-elementor-type=\"wp-page\" data-elementor-id=\"514\" class=\"elementor elementor-514\" data-elementor-post-type=\"page\">\n\t\t\t\t<div class=\"elementor-element elementor-element-13f75e1 elementor-hidden-widescreen elementor-hidden-desktop elementor-hidden-laptop elementor-hidden-tablet_extra elementor-hidden-tablet elementor-hidden-mobile_extra elementor-hidden-mobile e-flex e-con-boxed e-con e-parent\" data-id=\"13f75e1\" data-element_type=\"container\" data-settings=\"{&quot;background_background&quot;:&quot;classic&quot;}\">\n\t\t\t\t\t<div class=\"e-con-inner\">\n\t\t\t\t<div class=\"elementor-element elementor-element-92a92f2 elementor-widget__width-initial elementor-view-default elementor-widget elementor-widget-icon\" data-id=\"92a92f2\" data-element_type=\"widget\" data-widget_type=\"icon.default\">\n\t\t\t\t<div class=\"elementor-widget-container\">\n\t\t\t\t\t\t\t<div class=\"elementor-icon-wrapper\">\n\t\t\t<a class=\"elementor-icon\" href=\"https:\/\/romanidelmontgri.com\/fr\/\">\n\t\t\t<svg xmlns=\"http:\/\/www.w3.org\/2000\/svg\" xmlns:xlink=\"http:\/\/www.w3.org\/1999\/xlink\" id=\"Grupo_288\" x=\"0px\" y=\"0px\" viewbox=\"0 0 278.3 86.8\" style=\"enable-background:new 0 0 278.3 86.8;\" xml:space=\"preserve\"><style type=\"text\/css\">\t.st0{fill:#FFFFFF;}<\/style><path id=\"Trazado_220\" class=\"st0\" d=\"M48.5,48.9L38.3,73.4L27.9,48.9h-5.2v37.6h5.5V63.1h0.1l7.6,18.1h4.6l7.6-18.1h0.1v23.4h5.5 V48.9H48.5z\"><\/path><g id=\"Grupo_286\">\t<g>\t\t<g id=\"Grupo_285\">\t\t\t<path id=\"Trazado_221\" class=\"st0\" d=\"M91.1,55.4c-2.2-4.2-6.6-6.9-11.4-6.8c-2.5-0.1-5.1,0.7-7.2,2.1c-1.8,1.2-3.2,2.8-4.2,4.6    c-0.6,1.1-1,2.3-1.2,3.6c-0.3,2.9-0.4,5.9-0.4,8.8c-0.1,2.9,0.1,5.8,0.4,8.7c0.1,0.7,0.3,1.4,0.5,2c0.2,0.5,0.5,1.1,0.7,1.6    c2.3,4.2,6.7,6.7,11.4,6.8c2.6,0,5.1-0.7,7.2-2.2c1.8-1.1,3.2-2.7,4.1-4.6c0.7-1.1,1.1-2.3,1.3-3.6c0.3-2.9,0.4-5.8,0.3-8.7    c0.1-2.9,0-5.9-0.3-8.8C92.2,57.7,91.8,56.5,91.1,55.4 M86.8,75.3c-0.2,1.2-0.7,2.3-1.5,3.2c-0.6,0.8-1.3,1.4-2.2,1.9    c-1,0.6-2.2,0.9-3.4,0.9c-1.2,0-2.3-0.3-3.4-0.9c-0.9-0.4-1.7-1.1-2.3-1.9c-0.8-0.9-1.3-2-1.4-3.2c-0.3-2.5-0.5-5-0.4-7.5    c-0.1-2.5,0.1-5.1,0.4-7.6c0.2-1.2,0.7-2.2,1.4-3.1c0.6-0.8,1.4-1.5,2.3-1.9c1-0.5,2.2-0.8,3.4-0.8c1.2,0,2.4,0.3,3.4,0.8    c1.9,1.1,3.2,2.9,3.7,5.1c0.3,2.5,0.4,5,0.4,7.6C87.3,70.2,87.1,72.8,86.8,75.3\"><\/path>\t\t\t<path id=\"Trazado_222\" class=\"st0\" d=\"M127.2,75.7h-0.1l-16.5-26.7h-5.2v37.6h5.5V59.8h0.1l16.5,26.7h5.2V48.9h-5.5L127.2,75.7z\"><\/path>\t\t\t<path id=\"Trazado_223\" class=\"st0\" d=\"M143.1,54h10v32.5h5.5V54h10v-5.1h-25.5L143.1,54z\"><\/path>\t\t\t<path id=\"Trazado_224\" class=\"st0\" d=\"M190.3,71.2h7.4v2c0.1,2.1-0.7,4.2-2.2,5.7c-1.4,1.5-3.3,2.3-5.3,2.3    c-1.2,0-2.3-0.3-3.4-0.9c-0.9-0.4-1.7-1.1-2.3-1.9c-0.8-0.9-1.3-2-1.4-3.2c-0.3-2.5-0.5-5-0.4-7.5c-0.1-2.5,0.1-5.1,0.4-7.6    c0.2-1.2,0.7-2.2,1.4-3.1c0.6-0.8,1.4-1.5,2.3-1.9c1-0.5,2.2-0.8,3.4-0.8c1.6,0,3.2,0.5,4.5,1.6c1.2,1,2,2.4,2.5,3.9h5.8    c-0.5-3-2-5.8-4.2-7.9c-2.3-2.2-5.4-3.3-8.6-3.2c-2.6-0.1-5.1,0.7-7.2,2.1c-1.8,1.2-3.2,2.8-4.2,4.6c-0.6,1.1-1,2.3-1.2,3.6    c-0.3,2.9-0.4,5.8-0.4,8.8c-0.1,2.9,0.1,5.8,0.4,8.7c0.1,0.7,0.3,1.4,0.5,2c0.2,0.5,0.5,1.1,0.7,1.6c2.3,4.2,6.7,6.7,11.4,6.8    c3.5,0,6.8-1.4,9.2-3.9c2.4-2.5,3.8-5.9,3.7-9.4v-7.6h-12.9V71.2z\"><\/path>\t\t\t<path id=\"Trazado_225\" class=\"st0\" d=\"M241.3,59.4c0.1-3.1-1.2-6-3.6-8c-2.1-1.7-4.7-2.6-7.4-2.5H216v37.6h5.5V70.5h7.1l7.5,16.1    h6.5l-8.4-16.7C238.9,68,241.2,64.5,241.3,59.4 M229.9,65.4h-8.4V54h8.7c1.4-0.1,2.9,0.3,4.1,1.2c1.3,1,1.9,2.6,1.8,4.3    c0.1,3.2-2.4,5.9-5.6,6C230.3,65.4,230.1,65.4,229.9,65.4\"><\/path>\t\t\t<path id=\"Trazado_226\" class=\"st0\" d=\"M75.3,35.6c0.6-1,1-2.1,1.1-3.2c0.2-2.5,0.3-5.1,0.3-7.6c0.1-2.6,0-5.1-0.3-7.7    c-0.1-1.1-0.5-2.2-1.1-3.1c-1.9-3.7-5.8-6-10-5.9C63.1,8,61,8.7,59.1,9.9c-1.6,1-2.8,2.4-3.7,4c-0.5,1-0.9,2-1.1,3.1    c-0.3,2.6-0.4,5.1-0.3,7.7c-0.1,2.5,0,5.1,0.3,7.6c0.1,0.6,0.2,1.2,0.4,1.8c0.2,0.5,0.4,0.9,0.6,1.4c2,3.6,5.8,5.9,10,5.9    c2.3,0,4.5-0.6,6.3-1.9C73.2,38.6,74.5,37.2,75.3,35.6 M70.3,34.1c-0.5,0.7-1.2,1.3-1.9,1.7c-0.9,0.5-2,0.8-3,0.7    c-1,0-2-0.2-2.9-0.7c-0.8-0.4-1.5-1-2-1.7c-0.7-0.8-1.1-1.8-1.2-2.8c-0.3-2.2-0.4-4.4-0.3-6.6c-0.1-2.2,0.1-4.4,0.3-6.6    c0.2-1,0.6-2,1.2-2.7c0.5-0.7,1.2-1.3,2-1.7c0.9-0.5,1.9-0.7,2.9-0.7c1,0,2.1,0.2,3,0.7c0.8,0.4,1.4,1,1.9,1.7    c0.7,0.8,1.1,1.7,1.3,2.7c0.3,2.2,0.4,4.4,0.3,6.6c0.1,2.2,0,4.4-0.3,6.6C71.4,32.4,71,33.3,70.3,34.1\"><\/path>\t\t\t<path id=\"Trazado_227\" class=\"st0\" d=\"M110.2,20.7v20.5h4.8V8.3h-4.6l-9,21.4L92.4,8.3h-4.5v32.9h4.8V20.7h0.1l6.7,15.8h4    l6.7-15.8L110.2,20.7z\"><\/path>\t\t\t<path id=\"Trazado_228\" class=\"st0\" d=\"M131.7,33.9h12.1l2.5,7.4h5.1L139.8,8.3h-4l-11.6,32.9h5.1L131.7,33.9z M137.7,15.1    L137.7,15.1l4.7,14.4h-9.3L137.7,15.1z\"><\/path>\t\t\t<path id=\"Trazado_229\" class=\"st0\" d=\"M165.1,17.9L165.1,17.9l14.5,23.4h4.6V8.3h-4.8v23.4h-0.1L164.8,8.3h-4.5v32.9h4.8V17.9z\"><\/path>\t\t\t<rect id=\"Rect&#xE1;ngulo_123\" x=\"196.5\" y=\"8.3\" class=\"st0\" width=\"4.8\" height=\"32.9\"><\/rect>\t\t\t<path id=\"Trazado_230\" class=\"st0\" d=\"M195.5,6.7h3.8l6.3-6.7h-6L195.5,6.7z\"><\/path>\t\t\t<path id=\"Trazado_231\" class=\"st0\" d=\"M224.7,41.6c0.8-0.5,1.5-1.2,2-2c0.2-0.3,0.3-0.6,0.5-0.9c0.1-0.3,0.2-0.6,0.3-1    c0.2-1.3,0.2-2.5,0.2-3.8c0-1.2,0-2.4-0.1-3.6c-0.1-0.7-0.4-1.4-0.7-2c-1-1.8-2.9-2.9-5-2.8h-5.7v16.8h5.5    C222.7,42.5,223.8,42.2,224.7,41.6 M218.6,40V28h3c1.2-0.1,2.3,0.5,2.9,1.4c0.4,0.4,0.6,1,0.6,1.5c0.1,0.6,0.1,1.7,0.1,3.1    c0,1,0,2.1-0.1,3.1c-0.1,0.5-0.2,1-0.5,1.4c-0.7,1-1.8,1.6-3,1.5L218.6,40z\"><\/path>\t\t\t<path id=\"Trazado_232\" class=\"st0\" d=\"M233.4,42.4h10.4V40h-7.9v-5h6.8v-2.3h-6.8V28h7.9v-2.4h-10.4V42.4z\"><\/path>\t\t\t<path id=\"Trazado_233\" class=\"st0\" d=\"M259.3,40h-7.9V25.6h-2.5v16.8h10.4V40z\"><\/path>\t\t\t<path id=\"Trazado_234\" class=\"st0\" d=\"M278.1,61.4c-0.3-0.4-0.7-0.6-1.1-0.6c-3.4-0.3-8.4,1.2-12,4.1c0.9-1.3,2-2.5,3.3-3.5    c0,0,0,0,0,0c2.8-2.1,5.3-4.7,7.4-7.5c0.6-0.8,1-1.9,1.1-2.9c0-0.2-0.2-0.4-0.4-0.4c-1.4-0.1-2.8,0.6-4.3,2.3    c-2,2.4-3.5,5.2-4.5,8.1c-1.3,1.2-2.5,2.5-3.5,3.9c0.8-4.5-0.1-10-2.4-13.5c0,0,0,0,0,0c0-0.1-0.1-0.1-0.1-0.1c0,0,0,0,0,0    c0,0-0.1,0-0.1,0c0,0,0,0,0,0s0,0,0,0c0,0,0,0,0,0c0,0-0.1,0-0.1,0.1c0,0,0,0,0,0c-0.1,0-0.1,0.1-0.1,0.1c0,0,0,0,0,0v0l0,0    c-0.4,0.9-0.6,1.8-0.7,2.7c-0.1,1.6,0,3.1,0.3,4.7c0.4,2.7,1.2,5.4,2.3,7.9c0,0,0,0,0,0c-1,1.7-1.7,3.6-2.3,5.4    c-0.1-0.5-1.2,5.3-1.4,6.9c-0.1,0.6-0.1,1.3-0.1,1.9V48.9h-5.5v37.6h5.5c0,0,0,0,0,0l0.8-0.1c-0.1-2.9,0-5.9,0.4-8.8    c0,0,0.1,0,0.1,0c1.6-0.9,3.3-1.6,5.1-2.1c0.5-0.2,1.1-0.3,1.6-0.5c2.1-0.7,4.6-1.8,6.3-3.9c0.2-0.2,0.4-0.6,0.3-0.9v0    c-0.1-0.5-0.4-0.8-1.1-1c-1.6-0.3-3.3-0.2-4.8,0.3c-1.7,0.4-3.3,1.2-4.7,2.2c-0.8,0.7-1.5,1.5-2.1,2.4c0.1-0.5,0.2-0.9,0.4-1.4    c0.5-1.7,1.1-3.3,1.9-4.8c4.1-0.8,8.2-1.9,12.2-3.2c1.3-0.3,2.3-1.1,2.9-2.3c0-0.1,0.1-0.2,0.1-0.3c0,0,0,0,0,0s0,0,0,0    C278.3,61.9,278.3,61.6,278.1,61.4 M275,53.5c-1.2,1.7-2.6,3.3-4.1,4.7l4.9-6.1C275.6,52.5,275.3,53,275,53.5 M272.6,53.4    c0.6-0.8,1.5-1.4,2.4-1.8l-5.8,7.2C270.2,56.8,271.3,55,272.6,53.4 M266.7,74.3c-0.5,0.2-1,0.3-1.6,0.5c-0.9,0.3-1.7,0.6-2.6,0.9    c1.1-0.8,2.4-1.4,3.7-1.9c2-0.7,3.9-1.5,5.7-2.5C270.4,72.7,268.6,73.7,266.7,74.3 M262.5,74.7c2.4-2.3,5.5-3.7,8.9-4    c-1.8,0.9-3.6,1.6-5.4,2.3C264.7,73.5,263.6,74.1,262.5,74.7 M263.4,72.4c1.3-1,2.8-1.7,4.4-2.1c1.2-0.4,2.5-0.5,3.7-0.4    c-3.7,0.3-7.2,1.9-9.9,4.5C262.2,73.7,262.8,73,263.4,72.4 M261.3,58.8c-0.4-1.9-0.4-3.8-0.1-5.6c0.7,3.6,1.2,7.3,1.3,11    C262,62.4,261.6,60.6,261.3,58.8 M263.4,63.9c-0.1-3.1-0.5-6.1-1-9.2C263.4,57.7,263.8,60.9,263.4,63.9 M275,64.1    c-1.8,0.7-3.6,1.2-5.4,1.7l7.1-2.5C276.1,63.6,275.6,63.9,275,64.1 M266.2,66.1c2.9-1.7,6.1-2.8,9.5-3.4L266.2,66.1z M265.5,65.5    c3.4-2.7,8.2-4.2,11.4-3.9c0.2,0,0.3,0.1,0.5,0.1C272.9,61.8,268.4,63.9,265.5,65.5\"><\/path>\t\t\t<path id=\"Trazado_235\" class=\"st0\" d=\"M23.5,41.2h3.6V27.2h6.2l6.6,14.1h5.7l-7.4-14.6c4-1.6,6.1-4.6,6.2-9.1    c0.1-2.7-1.1-5.3-3.2-7c-1.8-1.5-4.1-2.3-6.5-2.2H22.3v24.1c0,0,0,0,0,0.1c-0.2,0.5-0.4,1.1-0.6,1.7c-0.8-2.2-1.8-4.4-3-6.4    c0,0,0,0,0,0c1.2-3.1,2-6.3,2.4-9.6c0.3-1.9,0.3-3.7,0.1-5.6c-0.1-1.1-0.5-2.2-1-3.2v0v0l0,0c0-0.1-0.1-0.1-0.2-0.2c0,0,0,0,0,0    c0,0-0.1-0.1-0.2-0.1c0,0,0,0-0.1,0c0,0,0,0,0,0s0,0,0,0c-0.1,0-0.1,0-0.2,0c0,0,0,0,0,0c-0.1,0-0.1,0.1-0.2,0.2c0,0,0,0,0,0    c-2.6,4.3-3.4,10.9-2.2,16.2c-1.3-1.7-2.7-3.2-4.4-4.5c-1.3-3.5-3.3-6.7-5.8-9.5C5.1,9.5,3.4,8.7,1.7,8.9C1.5,9,1.3,9.2,1.3,9.4    c0.1,1.3,0.6,2.5,1.4,3.4c2.5,3.5,5.9,6.1,9.2,8.6c0,0,0,0,0,0c1.5,1.2,2.9,2.5,4.1,4c-4.4-3.3-10.5-4.9-14.5-4.3    c-0.5,0-1,0.3-1.3,0.7C0,22.2,0,22.6,0,22.9c0,0,0,0,0,0s0,0,0,0c0,0.1,0.1,0.2,0.1,0.3c0.6,1.5,2.2,2.1,3.6,2.6    c4.8,1.4,9.7,2.5,14.7,3.3c1,1.8,1.8,3.7,2.5,5.7c0.2,0.5,0.3,1.1,0.5,1.6c-0.7-1.1-1.6-2-2.6-2.8c-1.7-1.2-3.7-2-5.7-2.4    c-1.9-0.5-3.9-0.6-5.8-0.1c-0.8,0.2-1.2,0.6-1.3,1.2v0c0,0.4,0.2,0.8,0.5,1.1c2.1,2.4,5.2,3.6,7.7,4.4c0.6,0.2,1.3,0.4,1.9,0.5    c2.1,0.5,4.2,1.3,6.2,2.2v0.7H23.5z M27.1,12.8h7.6c1.3-0.1,2.5,0.3,3.5,1c1.1,0.9,1.7,2.3,1.6,3.7c0.1,2.8-2.1,5.2-4.9,5.3    c-0.2,0-0.3,0-0.5,0h-7.3L27.1,12.8z M3.1,12.3c-0.4-0.5-0.7-1.1-1-1.7l6.1,7C6.4,16.1,4.6,14.3,3.1,12.3 M3,10.1    c1.1,0.4,2.2,1.2,3,2.1c1.7,1.9,3.1,4,4.2,6.2L3,10.1z M3.7,25c-0.7-0.2-1.4-0.5-2-0.9l8.6,2.7C8,26.2,5.8,25.7,3.7,25 M2.7,23.4    c4,0.5,7.9,1.7,11.5,3.6L2.7,23.4z M0.7,22.4c0.2-0.1,0.4-0.2,0.6-0.2c3.8-0.6,9.6,1,13.8,4.1C11.6,24.4,6,22.2,0.7,22.4     M17.6,24.3c-0.6-3.7-0.4-7.4,0.7-11C17.8,16.9,17.6,20.6,17.6,24.3 M19.6,11.3c0.5,2.2,0.6,4.5,0.2,6.7    c-0.2,2.2-0.7,4.3-1.2,6.4C18.5,20,18.9,15.6,19.6,11.3 M16,37.3c-0.6-0.2-1.3-0.4-1.9-0.5c-2.4-0.6-4.6-1.7-6.4-3.2    c2.3,1,4.6,1.9,7,2.7c1.6,0.5,3.1,1.2,4.5,2C18.1,37.9,17.1,37.6,16,37.3 M8.3,32.8c4,0.2,7.8,1.7,10.8,4.3    c-1.3-0.8-2.7-1.4-4.2-1.8C12.7,34.6,10.5,33.7,8.3,32.8 M8.1,31.8c1.5-0.2,3-0.1,4.5,0.3c1.9,0.4,3.7,1.1,5.3,2.3    c0.8,0.7,1.6,1.4,2.2,2.3C16.8,33.7,12.5,32,8.1,31.8\"><\/path>\t\t<\/g>\t<\/g><\/g><\/svg>\t\t\t<\/a>\n\t\t<\/div>\n\t\t\t\t\t\t<\/div>\n\t\t\t\t<\/div>\n\t\t\t\t<div class=\"elementor-element elementor-element-fdebcaf elementor-align-right elementor-widget elementor-widget-button\" data-id=\"fdebcaf\" data-element_type=\"widget\" data-widget_type=\"button.default\">\n\t\t\t\t<div class=\"elementor-widget-container\">\n\t\t\t\t\t\t\t\t\t<div class=\"elementor-button-wrapper\">\n\t\t\t\t\t<a class=\"elementor-button elementor-button-link elementor-size-sm\" href=\"https:\/\/romanidelmontgri.com\/fr\/\">\n\t\t\t\t\t\t<span class=\"elementor-button-content-wrapper\">\n\t\t\t\t\t\t<span class=\"elementor-button-icon\">\n\t\t\t\t<i aria-hidden=\"true\" class=\"fas fa-arrow-left\"><\/i>\t\t\t<\/span>\n\t\t\t\t\t\t\t\t\t<span class=\"elementor-button-text\">Retour en haut<\/span>\n\t\t\t\t\t<\/span>\n\t\t\t\t\t<\/a>\n\t\t\t\t<\/div>\n\t\t\t\t\t\t\t\t<\/div>\n\t\t\t\t<\/div>\n\t\t\t\t\t<\/div>\n\t\t\t\t<\/div>\n\t\t<div class=\"elementor-element elementor-element-4382aab e-con-full e-flex e-con e-parent\" data-id=\"4382aab\" data-element_type=\"container\" data-settings=\"{&quot;background_background&quot;:&quot;classic&quot;}\">\n\t\t<div class=\"elementor-element elementor-element-8bcdf05 e-flex e-con-boxed e-con e-child\" data-id=\"8bcdf05\" data-element_type=\"container\">\n\t\t\t\t\t<div class=\"e-con-inner\">\n\t\t\t\t<div class=\"elementor-element elementor-element-eca6644 elementor-widget elementor-widget-heading\" data-id=\"eca6644\" data-element_type=\"widget\" data-widget_type=\"heading.default\">\n\t\t\t\t<div class=\"elementor-widget-container\">\n\t\t\t\t\t<h1 class=\"elementor-heading-title elementor-size-default\">Consentement sans \u00e9quivoque<\/h1>\t\t\t\t<\/div>\n\t\t\t\t<\/div>\n\t\t\t\t\t<\/div>\n\t\t\t\t<\/div>\n\t\t\t\t<\/div>\n\t\t\t\t<section class=\"elementor-section elementor-top-section elementor-element elementor-element-b067660 elementor-section-boxed elementor-section-height-default elementor-section-height-default\" data-id=\"b067660\" data-element_type=\"section\">\n\t\t\t\t\t\t<div class=\"elementor-container elementor-column-gap-default\">\n\t\t\t\t\t<div class=\"elementor-column elementor-col-100 elementor-top-column elementor-element elementor-element-9a16ec8\" data-id=\"9a16ec8\" data-element_type=\"column\">\n\t\t\t<div class=\"elementor-widget-wrap elementor-element-populated\">\n\t\t\t\t\t\t<div class=\"elementor-element elementor-element-08ad884 elementor-widget elementor-widget-text-editor\" data-id=\"08ad884\" data-element_type=\"widget\" data-widget_type=\"text-editor.default\">\n\t\t\t\t<div class=\"elementor-widget-container\">\n\t\t\t\t\t\t\t\t\t<h3><\/h3>\n<table id=\"simple-table\" class=\"table table-bordered table-hover\">\n<thead>\n<tr>\n<th class=\"detail-col\" colspan=\"2\">Informations compl\u00e9mentaires sur la protection des donn\u00e9es<\/th>\n<\/tr>\n<\/thead>\n<tbody>\n<tr>\n<td class=\"left\" width=\"30%\"><b>Responsable<\/b><\/td>\n<td class=\"left\">\n<p><b>Responsable du traitement<\/b><br \/>Entreprise: <span style=\"font-weight: 400;\"><strong>VISET TUR\u00cdSTIC SL.<\/strong><\/span> &#8211; <span style=\"font-weight: 400;\"><strong>B75375865<\/strong><\/span><br \/>Adresse: <span style=\"font-weight: 400;\"><strong>Rue Segre, 4-6, 17430, Santa Coloma de Farners, G\u00e9rone<\/strong><\/span><br \/>Contact: <a href=\"mailto:info@romanidelmontgri.com\">info@romanidelmontgri.com<\/a> &#8211; 646941128<\/p>\n<p><b>D\u00e9l\u00e9gu\u00e9 \u00e0 la protection des donn\u00e9es<\/b><br \/>Nom : DPO non requis \u2013<br \/>Contact: -<\/p>\n<\/td>\n<\/tr>\n<tr>\n<td class=\"left\" width=\"30%\"><b>But<\/b><\/td>\n<td class=\"left\">\n<p><b>Dans quel but traitons-nous vos donn\u00e9es personnelles ?<\/b><br \/>\u00c0 <span style=\"font-weight: 400;\"><strong>VISET TUR\u00cdSTIC SL.<\/strong><\/span> Nous traitons les informations qui nous sont fournies par les parties int\u00e9ress\u00e9es aux fins de :<br \/>\u2022 Leur fournir un service<br \/>\u2022 Gestion comptable, administrative, facturation et recouvrement.<br \/>\u2022 Envoi d&#039;informations r\u00e9ciproques via la plateforme WhatsApp, sans que le Responsable puisse garantir que cette plateforme prend des mesures de s\u00e9curit\u00e9 et effectue des traitements conform\u00e9ment au RGPD et \u00e0 la LOPDGDD.<br \/>\u2022 R\u00e9servations<\/p>\n<p><b>Combien de temps conserverons-nous vos donn\u00e9es ?<\/b><br \/>Les donn\u00e9es personnelles fournies seront conserv\u00e9es pendant une dur\u00e9e ind\u00e9termin\u00e9e \u00e0 compter de la derni\u00e8re confirmation d\u2019int\u00e9r\u00eat. (Tant que sa suppression n\u2019est pas demand\u00e9e ou que la relation commerciale est termin\u00e9e).<\/p>\n<\/td>\n<\/tr>\n<tr>\n<td class=\"left\" width=\"30%\"><b>L\u00e9gitimation<\/b><\/td>\n<td class=\"left\">\u2022 Consentement sans \u00e9quivoque<\/td>\n<\/tr>\n<tr>\n<td class=\"left\" width=\"30%\"><b>Destinataires<\/b><\/td>\n<td class=\"left\">\n<p><b>Administration fiscale<\/b><br \/><b>Banques et institutions financi\u00e8res<\/b><br \/><b>Management\/Conseil<\/b><br \/>Soci\u00e9t\u00e9 : SMV ASSESSORIA \u2013 40345309C<br \/>Adresse : TRAVESSIA DE LA CREU 22 ENTRESOL 1 \u2013 (17001) GIRONA<br \/>Contact : info@smvassessoria.com \u2013 655804351<\/p>\n<p><b>Entit\u00e9s de conseil\/audit<\/b><br \/>Soci\u00e9t\u00e9 : LABORAL RGPD S.LU \u2013 B25857798<br \/>Adresse : CALLE GIRONA 42 \u2013 (25005) LLEIDA<br \/>Contact : info@laboralrgpd.com \u2013 678700800<\/p>\n<p><b>Maintenance logicielle et mat\u00e9rielle des entit\u00e9s informatiques<\/b><br \/><b>Forces et organismes de s\u00e9curit\u00e9 de l&#039;\u00c9tat<\/b><\/p>\n<\/td>\n<\/tr>\n<tr>\n<td class=\"left\" width=\"30%\"><b>Droits<\/b><br \/><a href=\"https:\/\/intranet.laboralrgpd.com\/webApp\/clientes_derechos\/derechos-formulario.php?id_cliente=UjBSZjBsY2JKZStYUjB5SFY4UUZzZz09\" target=\"_blank\" rel=\"noopener\">(Droit de demande)<\/a><\/td>\n<td class=\"left\">\n<p><b>\u2022 Droit de demander l\u2019acc\u00e8s aux donn\u00e9es personnelles relatives \u00e0 la personne concern\u00e9e<\/b><br \/>Vous avez le droit d\u2019\u00eatre inform\u00e9 sur :<br \/>\u2022 Copie des donn\u00e9es personnelles trait\u00e9es.<br \/>\u2022 Les finalit\u00e9s du traitement, les cat\u00e9gories de donn\u00e9es personnelles trait\u00e9es et les \u00e9ventuelles communications de donn\u00e9es et leurs destinataires.<br \/>\u2022 Si possible, la dur\u00e9e de conservation de vos donn\u00e9es. Sinon, les crit\u00e8res de d\u00e9termination de ce d\u00e9lai.<br \/>\u2022 Le droit de demander la rectification ou l\u2019effacement des donn\u00e9es, la limitation du traitement ou de s\u2019y opposer.<br \/>\u2022 Le droit de d\u00e9poser une plainte aupr\u00e8s de l\u2019Autorit\u00e9 de contr\u00f4le.<br \/>\u2022 Si un transfert international de donn\u00e9es a lieu, recevez des informations sur les garanties appropri\u00e9es.<br \/>\u2022 L\u2019existence de d\u00e9cisions automatis\u00e9es (y compris les profils), la logique appliqu\u00e9e et les cons\u00e9quences de ce traitement.<\/p>\n<p><b>\u2022 Droit de demander une rectification<\/b><br \/>Vous avez le droit, outre de rectifier les donn\u00e9es inexactes, de compl\u00e9ter les donn\u00e9es personnelles incompl\u00e8tes, y compris par le biais d\u2019une d\u00e9claration compl\u00e9mentaire.<\/p>\n<p><b>\u2022 Droit de demander sa suppression<\/b><br \/>Avec ce droit, vous pouvez demander :<br \/>\u2022 La suppression des donn\u00e9es personnelles sans retard injustifi\u00e9 lorsque l\u2019un des cas pr\u00e9vus se produit. Par exemple, en cas de traitement illicite de donn\u00e9es ou lorsque la finalit\u00e9 qui a motiv\u00e9 le traitement ou la collecte a disparu.<br \/>\u2022 Il existe toutefois des exceptions o\u00f9 ce droit ne s\u2019applique pas, par exemple lorsque le droit \u00e0 la libert\u00e9 d\u2019expression et d\u2019information pr\u00e9vaut.<\/p>\n<p><b>\u2022 Droit d\u2019opposition<\/b><br \/>Gr\u00e2ce au droit d&#039;opposition, vous pouvez vous opposer au traitement de vos donn\u00e9es personnelles :<br \/>\u2022 Lorsque pour des raisons li\u00e9es \u00e0 votre situation personnelle, il est n\u00e9cessaire de cesser le traitement des donn\u00e9es, \u00e0 moins qu&#039;un int\u00e9r\u00eat l\u00e9gitime ne soit prouv\u00e9 ou que cela soit n\u00e9cessaire \u00e0 l&#039;exercice ou \u00e0 la d\u00e9fense de r\u00e9clamations.<br \/>\u2022 Lorsque le traitement est effectu\u00e9 \u00e0 des fins de marketing direct.<\/p>\n<p><b>\u2022 Droit \u00e0 la portabilit\u00e9 des donn\u00e9es<\/b><br \/>Vous pourrez recevoir vos donn\u00e9es personnelles fournies dans un format structur\u00e9, couramment utilis\u00e9 et lisible par machine, et pouvoir les transmettre \u00e0 un autre responsable du traitement, chaque fois que cela est techniquement possible.<\/p>\n<p><b>\u2022 Droit de demander la limitation de votre traitement<\/b><br \/>Ce droit vous permet de :<br \/>\u2022 Demander au responsable de suspendre le traitement des donn\u00e9es lorsque :<br \/>\u2013 L\u2019exactitude des donn\u00e9es est discut\u00e9e, tandis que cette exactitude est v\u00e9rifi\u00e9e.<br \/>\u2013 L\u2019int\u00e9ress\u00e9 a exerc\u00e9 son droit d\u2019opposition, pendant qu\u2019il est v\u00e9rifi\u00e9 si les motifs l\u00e9gitimes du responsable pr\u00e9valent.<br \/>\u2022 Demander que les donn\u00e9es personnelles soient conserv\u00e9es lorsque :<br \/>\u2013 Le traitement est illicite et l\u2019int\u00e9ress\u00e9 s\u2019oppose \u00e0 sa suppression en demandant la limitation de son utilisation.<br \/>\u2013 Le responsable n\u2019a plus besoin des donn\u00e9es, mais l\u2019int\u00e9ress\u00e9 en a besoin pour la formulation, l\u2019exercice ou la d\u00e9fense de r\u00e9clamations.<\/p>\n<p><b>\u2022 Droit de ne pas faire l\u2019objet de d\u00e9cisions individuelles automatis\u00e9es<\/b><br \/>Vous avez le droit de ne pas faire l\u2019objet de d\u00e9cisions fond\u00e9es exclusivement sur un traitement automatis\u00e9, y compris le profilage, produisant des effets juridiques ou vous affectant de mani\u00e8re significative.<\/p>\n<p><b>\u2022 Droit de retirer le consentement accord\u00e9<\/b><br \/>Le retrait du consentement n\u2019affectera pas la lic\u00e9it\u00e9 du traitement fond\u00e9 sur le consentement pr\u00e9alable. Avant de donner son consentement, l\u2019int\u00e9ress\u00e9 en sera inform\u00e9.<\/p>\n<p><b>\u2022 Droit de porter plainte aupr\u00e8s de l&#039;Autorit\u00e9 de contr\u00f4le<\/b><br \/>Toute personne int\u00e9ress\u00e9e peut d\u00e9poser une plainte aupr\u00e8s de l\u2019Autorit\u00e9 de contr\u00f4le de tout \u00c9tat de l\u2019UE si elle consid\u00e8re que le traitement de ses donn\u00e9es personnelles n\u2019est pas conforme aux dispositions du R\u00e8glement.<\/p>\n<\/td>\n<\/tr>\n<\/tbody>\n<\/table>\n<p><\/p>\n<p><!-- \/wp:paragraph --><\/p>\t\t\t\t\t\t\t\t<\/div>\n\t\t\t\t<\/div>\n\t\t\t\t<div class=\"elementor-element elementor-element-1967067 elementor-align-left elementor-widget elementor-widget-button\" data-id=\"1967067\" data-element_type=\"widget\" data-widget_type=\"button.default\">\n\t\t\t\t<div class=\"elementor-widget-container\">\n\t\t\t\t\t\t\t\t\t<div class=\"elementor-button-wrapper\">\n\t\t\t\t\t<a class=\"elementor-button elementor-button-link elementor-size-sm\" href=\"https:\/\/romanidelmontgri.com\/fr\/\">\n\t\t\t\t\t\t<span class=\"elementor-button-content-wrapper\">\n\t\t\t\t\t\t<span class=\"elementor-button-icon\">\n\t\t\t\t<i aria-hidden=\"true\" class=\"fas fa-arrow-left\"><\/i>\t\t\t<\/span>\n\t\t\t\t\t\t\t\t\t<span class=\"elementor-button-text\">Retour en haut<\/span>\n\t\t\t\t\t<\/span>\n\t\t\t\t\t<\/a>\n\t\t\t\t<\/div>\n\t\t\t\t\t\t\t\t<\/div>\n\t\t\t\t<\/div>\n\t\t\t\t\t<\/div>\n\t\t<\/div>\n\t\t\t\t\t<\/div>\n\t\t<\/section>\n\t\t\t\t<\/div>","protected":false},"excerpt":{"rendered":"<p>Retour en haut Informations compl\u00e9mentaires sur la protection des donn\u00e9es Responsable du traitementSoci\u00e9t\u00e9 : VISET TUR\u00cdSTIC SL \u2013 B75375865Adresse : Carrer Segre, 4-6, 17430, Santa Coloma de Farners, GironaContact : info@romanidelmontgri.com \u2013 646941128 D\u00e9l\u00e9gu\u00e9 \u00e0 la protection des donn\u00e9esNom : DPO non requis \u2013Contact : \u2013 Finalit\u00e9 Dans quel but traitons-nous vos donn\u00e9es personnelles ?Chez VISET TUR\u00cdSTIC SL, nous traitons les [\u2026]<\/p>","protected":false},"author":2,"featured_media":0,"parent":0,"menu_order":0,"comment_status":"closed","ping_status":"closed","template":"elementor_header_footer","meta":{"footnotes":""},"class_list":["post-514","page","type-page","status-publish","hentry"],"_links":{"self":[{"href":"https:\/\/romanidelmontgri.com\/fr\/wp-json\/wp\/v2\/pages\/514","targetHints":{"allow":["GET"]}}],"collection":[{"href":"https:\/\/romanidelmontgri.com\/fr\/wp-json\/wp\/v2\/pages"}],"about":[{"href":"https:\/\/romanidelmontgri.com\/fr\/wp-json\/wp\/v2\/types\/page"}],"author":[{"embeddable":true,"href":"https:\/\/romanidelmontgri.com\/fr\/wp-json\/wp\/v2\/users\/2"}],"replies":[{"embeddable":true,"href":"https:\/\/romanidelmontgri.com\/fr\/wp-json\/wp\/v2\/comments?post=514"}],"version-history":[{"count":22,"href":"https:\/\/romanidelmontgri.com\/fr\/wp-json\/wp\/v2\/pages\/514\/revisions"}],"predecessor-version":[{"id":692,"href":"https:\/\/romanidelmontgri.com\/fr\/wp-json\/wp\/v2\/pages\/514\/revisions\/692"}],"wp:attachment":[{"href":"https:\/\/romanidelmontgri.com\/fr\/wp-json\/wp\/v2\/media?parent=514"}],"curies":[{"name":"wp","href":"https:\/\/api.w.org\/{rel}","templated":true}]}}