{"id":3,"date":"2022-11-30T22:46:19","date_gmt":"2022-11-30T22:46:19","guid":{"rendered":"http:\/\/blaudaro.com\/?page_id=3"},"modified":"2025-02-07T10:58:26","modified_gmt":"2025-02-07T09:58:26","slug":"politica-de-privacitat","status":"publish","type":"page","link":"https:\/\/romanidelmontgri.com\/es\/politica-de-privacitat\/","title":{"rendered":"Pol\u00edtica de privacidad"},"content":{"rendered":"<div data-elementor-type=\"wp-page\" data-elementor-id=\"3\" class=\"elementor elementor-3\" data-elementor-post-type=\"page\">\n\t\t\t\t<div class=\"elementor-element elementor-element-e4e8d13 elementor-hidden-widescreen elementor-hidden-desktop elementor-hidden-laptop elementor-hidden-tablet_extra elementor-hidden-tablet elementor-hidden-mobile_extra elementor-hidden-mobile e-flex e-con-boxed e-con e-parent\" data-id=\"e4e8d13\" data-element_type=\"container\" data-settings=\"{&quot;background_background&quot;:&quot;classic&quot;}\">\n\t\t\t\t\t<div class=\"e-con-inner\">\n\t\t\t\t<div class=\"elementor-element elementor-element-2a43624 elementor-widget__width-initial elementor-view-default elementor-widget elementor-widget-icon\" data-id=\"2a43624\" data-element_type=\"widget\" data-widget_type=\"icon.default\">\n\t\t\t\t<div class=\"elementor-widget-container\">\n\t\t\t\t\t\t\t<div class=\"elementor-icon-wrapper\">\n\t\t\t<a class=\"elementor-icon\" href=\"https:\/\/romanidelmontgri.com\/es\/\">\n\t\t\t<svg xmlns=\"http:\/\/www.w3.org\/2000\/svg\" xmlns:xlink=\"http:\/\/www.w3.org\/1999\/xlink\" id=\"Grupo_288\" x=\"0px\" y=\"0px\" viewbox=\"0 0 278.3 86.8\" style=\"enable-background:new 0 0 278.3 86.8;\" xml:space=\"preserve\"><style type=\"text\/css\">\t.st0{fill:#FFFFFF;}<\/style><path id=\"Trazado_220\" class=\"st0\" d=\"M48.5,48.9L38.3,73.4L27.9,48.9h-5.2v37.6h5.5V63.1h0.1l7.6,18.1h4.6l7.6-18.1h0.1v23.4h5.5 V48.9H48.5z\"><\/path><g id=\"Grupo_286\">\t<g>\t\t<g id=\"Grupo_285\">\t\t\t<path id=\"Trazado_221\" class=\"st0\" d=\"M91.1,55.4c-2.2-4.2-6.6-6.9-11.4-6.8c-2.5-0.1-5.1,0.7-7.2,2.1c-1.8,1.2-3.2,2.8-4.2,4.6    c-0.6,1.1-1,2.3-1.2,3.6c-0.3,2.9-0.4,5.9-0.4,8.8c-0.1,2.9,0.1,5.8,0.4,8.7c0.1,0.7,0.3,1.4,0.5,2c0.2,0.5,0.5,1.1,0.7,1.6    c2.3,4.2,6.7,6.7,11.4,6.8c2.6,0,5.1-0.7,7.2-2.2c1.8-1.1,3.2-2.7,4.1-4.6c0.7-1.1,1.1-2.3,1.3-3.6c0.3-2.9,0.4-5.8,0.3-8.7    c0.1-2.9,0-5.9-0.3-8.8C92.2,57.7,91.8,56.5,91.1,55.4 M86.8,75.3c-0.2,1.2-0.7,2.3-1.5,3.2c-0.6,0.8-1.3,1.4-2.2,1.9    c-1,0.6-2.2,0.9-3.4,0.9c-1.2,0-2.3-0.3-3.4-0.9c-0.9-0.4-1.7-1.1-2.3-1.9c-0.8-0.9-1.3-2-1.4-3.2c-0.3-2.5-0.5-5-0.4-7.5    c-0.1-2.5,0.1-5.1,0.4-7.6c0.2-1.2,0.7-2.2,1.4-3.1c0.6-0.8,1.4-1.5,2.3-1.9c1-0.5,2.2-0.8,3.4-0.8c1.2,0,2.4,0.3,3.4,0.8    c1.9,1.1,3.2,2.9,3.7,5.1c0.3,2.5,0.4,5,0.4,7.6C87.3,70.2,87.1,72.8,86.8,75.3\"><\/path>\t\t\t<path id=\"Trazado_222\" class=\"st0\" d=\"M127.2,75.7h-0.1l-16.5-26.7h-5.2v37.6h5.5V59.8h0.1l16.5,26.7h5.2V48.9h-5.5L127.2,75.7z\"><\/path>\t\t\t<path id=\"Trazado_223\" class=\"st0\" d=\"M143.1,54h10v32.5h5.5V54h10v-5.1h-25.5L143.1,54z\"><\/path>\t\t\t<path id=\"Trazado_224\" class=\"st0\" d=\"M190.3,71.2h7.4v2c0.1,2.1-0.7,4.2-2.2,5.7c-1.4,1.5-3.3,2.3-5.3,2.3    c-1.2,0-2.3-0.3-3.4-0.9c-0.9-0.4-1.7-1.1-2.3-1.9c-0.8-0.9-1.3-2-1.4-3.2c-0.3-2.5-0.5-5-0.4-7.5c-0.1-2.5,0.1-5.1,0.4-7.6    c0.2-1.2,0.7-2.2,1.4-3.1c0.6-0.8,1.4-1.5,2.3-1.9c1-0.5,2.2-0.8,3.4-0.8c1.6,0,3.2,0.5,4.5,1.6c1.2,1,2,2.4,2.5,3.9h5.8    c-0.5-3-2-5.8-4.2-7.9c-2.3-2.2-5.4-3.3-8.6-3.2c-2.6-0.1-5.1,0.7-7.2,2.1c-1.8,1.2-3.2,2.8-4.2,4.6c-0.6,1.1-1,2.3-1.2,3.6    c-0.3,2.9-0.4,5.8-0.4,8.8c-0.1,2.9,0.1,5.8,0.4,8.7c0.1,0.7,0.3,1.4,0.5,2c0.2,0.5,0.5,1.1,0.7,1.6c2.3,4.2,6.7,6.7,11.4,6.8    c3.5,0,6.8-1.4,9.2-3.9c2.4-2.5,3.8-5.9,3.7-9.4v-7.6h-12.9V71.2z\"><\/path>\t\t\t<path id=\"Trazado_225\" class=\"st0\" d=\"M241.3,59.4c0.1-3.1-1.2-6-3.6-8c-2.1-1.7-4.7-2.6-7.4-2.5H216v37.6h5.5V70.5h7.1l7.5,16.1    h6.5l-8.4-16.7C238.9,68,241.2,64.5,241.3,59.4 M229.9,65.4h-8.4V54h8.7c1.4-0.1,2.9,0.3,4.1,1.2c1.3,1,1.9,2.6,1.8,4.3    c0.1,3.2-2.4,5.9-5.6,6C230.3,65.4,230.1,65.4,229.9,65.4\"><\/path>\t\t\t<path id=\"Trazado_226\" class=\"st0\" d=\"M75.3,35.6c0.6-1,1-2.1,1.1-3.2c0.2-2.5,0.3-5.1,0.3-7.6c0.1-2.6,0-5.1-0.3-7.7    c-0.1-1.1-0.5-2.2-1.1-3.1c-1.9-3.7-5.8-6-10-5.9C63.1,8,61,8.7,59.1,9.9c-1.6,1-2.8,2.4-3.7,4c-0.5,1-0.9,2-1.1,3.1    c-0.3,2.6-0.4,5.1-0.3,7.7c-0.1,2.5,0,5.1,0.3,7.6c0.1,0.6,0.2,1.2,0.4,1.8c0.2,0.5,0.4,0.9,0.6,1.4c2,3.6,5.8,5.9,10,5.9    c2.3,0,4.5-0.6,6.3-1.9C73.2,38.6,74.5,37.2,75.3,35.6 M70.3,34.1c-0.5,0.7-1.2,1.3-1.9,1.7c-0.9,0.5-2,0.8-3,0.7    c-1,0-2-0.2-2.9-0.7c-0.8-0.4-1.5-1-2-1.7c-0.7-0.8-1.1-1.8-1.2-2.8c-0.3-2.2-0.4-4.4-0.3-6.6c-0.1-2.2,0.1-4.4,0.3-6.6    c0.2-1,0.6-2,1.2-2.7c0.5-0.7,1.2-1.3,2-1.7c0.9-0.5,1.9-0.7,2.9-0.7c1,0,2.1,0.2,3,0.7c0.8,0.4,1.4,1,1.9,1.7    c0.7,0.8,1.1,1.7,1.3,2.7c0.3,2.2,0.4,4.4,0.3,6.6c0.1,2.2,0,4.4-0.3,6.6C71.4,32.4,71,33.3,70.3,34.1\"><\/path>\t\t\t<path id=\"Trazado_227\" class=\"st0\" d=\"M110.2,20.7v20.5h4.8V8.3h-4.6l-9,21.4L92.4,8.3h-4.5v32.9h4.8V20.7h0.1l6.7,15.8h4    l6.7-15.8L110.2,20.7z\"><\/path>\t\t\t<path id=\"Trazado_228\" class=\"st0\" d=\"M131.7,33.9h12.1l2.5,7.4h5.1L139.8,8.3h-4l-11.6,32.9h5.1L131.7,33.9z M137.7,15.1    L137.7,15.1l4.7,14.4h-9.3L137.7,15.1z\"><\/path>\t\t\t<path id=\"Trazado_229\" class=\"st0\" d=\"M165.1,17.9L165.1,17.9l14.5,23.4h4.6V8.3h-4.8v23.4h-0.1L164.8,8.3h-4.5v32.9h4.8V17.9z\"><\/path>\t\t\t<rect id=\"Rect&#xE1;ngulo_123\" x=\"196.5\" y=\"8.3\" class=\"st0\" width=\"4.8\" height=\"32.9\"><\/rect>\t\t\t<path id=\"Trazado_230\" class=\"st0\" d=\"M195.5,6.7h3.8l6.3-6.7h-6L195.5,6.7z\"><\/path>\t\t\t<path id=\"Trazado_231\" class=\"st0\" d=\"M224.7,41.6c0.8-0.5,1.5-1.2,2-2c0.2-0.3,0.3-0.6,0.5-0.9c0.1-0.3,0.2-0.6,0.3-1    c0.2-1.3,0.2-2.5,0.2-3.8c0-1.2,0-2.4-0.1-3.6c-0.1-0.7-0.4-1.4-0.7-2c-1-1.8-2.9-2.9-5-2.8h-5.7v16.8h5.5    C222.7,42.5,223.8,42.2,224.7,41.6 M218.6,40V28h3c1.2-0.1,2.3,0.5,2.9,1.4c0.4,0.4,0.6,1,0.6,1.5c0.1,0.6,0.1,1.7,0.1,3.1    c0,1,0,2.1-0.1,3.1c-0.1,0.5-0.2,1-0.5,1.4c-0.7,1-1.8,1.6-3,1.5L218.6,40z\"><\/path>\t\t\t<path id=\"Trazado_232\" class=\"st0\" d=\"M233.4,42.4h10.4V40h-7.9v-5h6.8v-2.3h-6.8V28h7.9v-2.4h-10.4V42.4z\"><\/path>\t\t\t<path id=\"Trazado_233\" class=\"st0\" d=\"M259.3,40h-7.9V25.6h-2.5v16.8h10.4V40z\"><\/path>\t\t\t<path id=\"Trazado_234\" class=\"st0\" d=\"M278.1,61.4c-0.3-0.4-0.7-0.6-1.1-0.6c-3.4-0.3-8.4,1.2-12,4.1c0.9-1.3,2-2.5,3.3-3.5    c0,0,0,0,0,0c2.8-2.1,5.3-4.7,7.4-7.5c0.6-0.8,1-1.9,1.1-2.9c0-0.2-0.2-0.4-0.4-0.4c-1.4-0.1-2.8,0.6-4.3,2.3    c-2,2.4-3.5,5.2-4.5,8.1c-1.3,1.2-2.5,2.5-3.5,3.9c0.8-4.5-0.1-10-2.4-13.5c0,0,0,0,0,0c0-0.1-0.1-0.1-0.1-0.1c0,0,0,0,0,0    c0,0-0.1,0-0.1,0c0,0,0,0,0,0s0,0,0,0c0,0,0,0,0,0c0,0-0.1,0-0.1,0.1c0,0,0,0,0,0c-0.1,0-0.1,0.1-0.1,0.1c0,0,0,0,0,0v0l0,0    c-0.4,0.9-0.6,1.8-0.7,2.7c-0.1,1.6,0,3.1,0.3,4.7c0.4,2.7,1.2,5.4,2.3,7.9c0,0,0,0,0,0c-1,1.7-1.7,3.6-2.3,5.4    c-0.1-0.5-1.2,5.3-1.4,6.9c-0.1,0.6-0.1,1.3-0.1,1.9V48.9h-5.5v37.6h5.5c0,0,0,0,0,0l0.8-0.1c-0.1-2.9,0-5.9,0.4-8.8    c0,0,0.1,0,0.1,0c1.6-0.9,3.3-1.6,5.1-2.1c0.5-0.2,1.1-0.3,1.6-0.5c2.1-0.7,4.6-1.8,6.3-3.9c0.2-0.2,0.4-0.6,0.3-0.9v0    c-0.1-0.5-0.4-0.8-1.1-1c-1.6-0.3-3.3-0.2-4.8,0.3c-1.7,0.4-3.3,1.2-4.7,2.2c-0.8,0.7-1.5,1.5-2.1,2.4c0.1-0.5,0.2-0.9,0.4-1.4    c0.5-1.7,1.1-3.3,1.9-4.8c4.1-0.8,8.2-1.9,12.2-3.2c1.3-0.3,2.3-1.1,2.9-2.3c0-0.1,0.1-0.2,0.1-0.3c0,0,0,0,0,0s0,0,0,0    C278.3,61.9,278.3,61.6,278.1,61.4 M275,53.5c-1.2,1.7-2.6,3.3-4.1,4.7l4.9-6.1C275.6,52.5,275.3,53,275,53.5 M272.6,53.4    c0.6-0.8,1.5-1.4,2.4-1.8l-5.8,7.2C270.2,56.8,271.3,55,272.6,53.4 M266.7,74.3c-0.5,0.2-1,0.3-1.6,0.5c-0.9,0.3-1.7,0.6-2.6,0.9    c1.1-0.8,2.4-1.4,3.7-1.9c2-0.7,3.9-1.5,5.7-2.5C270.4,72.7,268.6,73.7,266.7,74.3 M262.5,74.7c2.4-2.3,5.5-3.7,8.9-4    c-1.8,0.9-3.6,1.6-5.4,2.3C264.7,73.5,263.6,74.1,262.5,74.7 M263.4,72.4c1.3-1,2.8-1.7,4.4-2.1c1.2-0.4,2.5-0.5,3.7-0.4    c-3.7,0.3-7.2,1.9-9.9,4.5C262.2,73.7,262.8,73,263.4,72.4 M261.3,58.8c-0.4-1.9-0.4-3.8-0.1-5.6c0.7,3.6,1.2,7.3,1.3,11    C262,62.4,261.6,60.6,261.3,58.8 M263.4,63.9c-0.1-3.1-0.5-6.1-1-9.2C263.4,57.7,263.8,60.9,263.4,63.9 M275,64.1    c-1.8,0.7-3.6,1.2-5.4,1.7l7.1-2.5C276.1,63.6,275.6,63.9,275,64.1 M266.2,66.1c2.9-1.7,6.1-2.8,9.5-3.4L266.2,66.1z M265.5,65.5    c3.4-2.7,8.2-4.2,11.4-3.9c0.2,0,0.3,0.1,0.5,0.1C272.9,61.8,268.4,63.9,265.5,65.5\"><\/path>\t\t\t<path id=\"Trazado_235\" class=\"st0\" d=\"M23.5,41.2h3.6V27.2h6.2l6.6,14.1h5.7l-7.4-14.6c4-1.6,6.1-4.6,6.2-9.1    c0.1-2.7-1.1-5.3-3.2-7c-1.8-1.5-4.1-2.3-6.5-2.2H22.3v24.1c0,0,0,0,0,0.1c-0.2,0.5-0.4,1.1-0.6,1.7c-0.8-2.2-1.8-4.4-3-6.4    c0,0,0,0,0,0c1.2-3.1,2-6.3,2.4-9.6c0.3-1.9,0.3-3.7,0.1-5.6c-0.1-1.1-0.5-2.2-1-3.2v0v0l0,0c0-0.1-0.1-0.1-0.2-0.2c0,0,0,0,0,0    c0,0-0.1-0.1-0.2-0.1c0,0,0,0-0.1,0c0,0,0,0,0,0s0,0,0,0c-0.1,0-0.1,0-0.2,0c0,0,0,0,0,0c-0.1,0-0.1,0.1-0.2,0.2c0,0,0,0,0,0    c-2.6,4.3-3.4,10.9-2.2,16.2c-1.3-1.7-2.7-3.2-4.4-4.5c-1.3-3.5-3.3-6.7-5.8-9.5C5.1,9.5,3.4,8.7,1.7,8.9C1.5,9,1.3,9.2,1.3,9.4    c0.1,1.3,0.6,2.5,1.4,3.4c2.5,3.5,5.9,6.1,9.2,8.6c0,0,0,0,0,0c1.5,1.2,2.9,2.5,4.1,4c-4.4-3.3-10.5-4.9-14.5-4.3    c-0.5,0-1,0.3-1.3,0.7C0,22.2,0,22.6,0,22.9c0,0,0,0,0,0s0,0,0,0c0,0.1,0.1,0.2,0.1,0.3c0.6,1.5,2.2,2.1,3.6,2.6    c4.8,1.4,9.7,2.5,14.7,3.3c1,1.8,1.8,3.7,2.5,5.7c0.2,0.5,0.3,1.1,0.5,1.6c-0.7-1.1-1.6-2-2.6-2.8c-1.7-1.2-3.7-2-5.7-2.4    c-1.9-0.5-3.9-0.6-5.8-0.1c-0.8,0.2-1.2,0.6-1.3,1.2v0c0,0.4,0.2,0.8,0.5,1.1c2.1,2.4,5.2,3.6,7.7,4.4c0.6,0.2,1.3,0.4,1.9,0.5    c2.1,0.5,4.2,1.3,6.2,2.2v0.7H23.5z M27.1,12.8h7.6c1.3-0.1,2.5,0.3,3.5,1c1.1,0.9,1.7,2.3,1.6,3.7c0.1,2.8-2.1,5.2-4.9,5.3    c-0.2,0-0.3,0-0.5,0h-7.3L27.1,12.8z M3.1,12.3c-0.4-0.5-0.7-1.1-1-1.7l6.1,7C6.4,16.1,4.6,14.3,3.1,12.3 M3,10.1    c1.1,0.4,2.2,1.2,3,2.1c1.7,1.9,3.1,4,4.2,6.2L3,10.1z M3.7,25c-0.7-0.2-1.4-0.5-2-0.9l8.6,2.7C8,26.2,5.8,25.7,3.7,25 M2.7,23.4    c4,0.5,7.9,1.7,11.5,3.6L2.7,23.4z M0.7,22.4c0.2-0.1,0.4-0.2,0.6-0.2c3.8-0.6,9.6,1,13.8,4.1C11.6,24.4,6,22.2,0.7,22.4     M17.6,24.3c-0.6-3.7-0.4-7.4,0.7-11C17.8,16.9,17.6,20.6,17.6,24.3 M19.6,11.3c0.5,2.2,0.6,4.5,0.2,6.7    c-0.2,2.2-0.7,4.3-1.2,6.4C18.5,20,18.9,15.6,19.6,11.3 M16,37.3c-0.6-0.2-1.3-0.4-1.9-0.5c-2.4-0.6-4.6-1.7-6.4-3.2    c2.3,1,4.6,1.9,7,2.7c1.6,0.5,3.1,1.2,4.5,2C18.1,37.9,17.1,37.6,16,37.3 M8.3,32.8c4,0.2,7.8,1.7,10.8,4.3    c-1.3-0.8-2.7-1.4-4.2-1.8C12.7,34.6,10.5,33.7,8.3,32.8 M8.1,31.8c1.5-0.2,3-0.1,4.5,0.3c1.9,0.4,3.7,1.1,5.3,2.3    c0.8,0.7,1.6,1.4,2.2,2.3C16.8,33.7,12.5,32,8.1,31.8\"><\/path>\t\t<\/g>\t<\/g><\/g><\/svg>\t\t\t<\/a>\n\t\t<\/div>\n\t\t\t\t\t\t<\/div>\n\t\t\t\t<\/div>\n\t\t\t\t<div class=\"elementor-element elementor-element-3e5d7de elementor-align-right elementor-widget elementor-widget-button\" data-id=\"3e5d7de\" data-element_type=\"widget\" data-widget_type=\"button.default\">\n\t\t\t\t<div class=\"elementor-widget-container\">\n\t\t\t\t\t\t\t\t\t<div class=\"elementor-button-wrapper\">\n\t\t\t\t\t<a class=\"elementor-button elementor-button-link elementor-size-sm\" href=\"https:\/\/romanidelmontgri.com\/es\/\">\n\t\t\t\t\t\t<span class=\"elementor-button-content-wrapper\">\n\t\t\t\t\t\t<span class=\"elementor-button-icon\">\n\t\t\t\t<i aria-hidden=\"true\" class=\"fas fa-arrow-left\"><\/i>\t\t\t<\/span>\n\t\t\t\t\t\t\t\t\t<span class=\"elementor-button-text\">Volver al inicio<\/span>\n\t\t\t\t\t<\/span>\n\t\t\t\t\t<\/a>\n\t\t\t\t<\/div>\n\t\t\t\t\t\t\t\t<\/div>\n\t\t\t\t<\/div>\n\t\t\t\t\t<\/div>\n\t\t\t\t<\/div>\n\t\t<div class=\"elementor-element elementor-element-086554d e-con-full e-flex e-con e-parent\" data-id=\"086554d\" data-element_type=\"container\" data-settings=\"{&quot;background_background&quot;:&quot;classic&quot;}\">\n\t\t<div class=\"elementor-element elementor-element-6980669 e-flex e-con-boxed e-con e-child\" data-id=\"6980669\" data-element_type=\"container\">\n\t\t\t\t\t<div class=\"e-con-inner\">\n\t\t\t\t<div class=\"elementor-element elementor-element-c6c3637 elementor-widget elementor-widget-heading\" data-id=\"c6c3637\" data-element_type=\"widget\" data-widget_type=\"heading.default\">\n\t\t\t\t<div class=\"elementor-widget-container\">\n\t\t\t\t\t<h1 class=\"elementor-heading-title elementor-size-default\">Pol\u00edtica de privacidad<\/h1>\t\t\t\t<\/div>\n\t\t\t\t<\/div>\n\t\t\t\t\t<\/div>\n\t\t\t\t<\/div>\n\t\t\t\t<\/div>\n\t\t\t\t<section class=\"elementor-section elementor-top-section elementor-element elementor-element-57bccedc elementor-section-boxed elementor-section-height-default elementor-section-height-default\" data-id=\"57bccedc\" data-element_type=\"section\">\n\t\t\t\t\t\t<div class=\"elementor-container elementor-column-gap-default\">\n\t\t\t\t\t<div class=\"elementor-column elementor-col-100 elementor-top-column elementor-element elementor-element-709c4887\" data-id=\"709c4887\" data-element_type=\"column\">\n\t\t\t<div class=\"elementor-widget-wrap elementor-element-populated\">\n\t\t\t\t\t\t<div class=\"elementor-element elementor-element-9ceeb28 elementor-widget elementor-widget-text-editor\" data-id=\"9ceeb28\" data-element_type=\"widget\" data-widget_type=\"text-editor.default\">\n\t\t\t\t<div class=\"elementor-widget-container\">\n\t\t\t\t\t\t\t\t\t<p><span style=\"font-weight: 400;\">Informaci\u00f3n sobre Protecci\u00f3n de Datos<\/span><br \/><b><\/b><\/p><p><b>1. Datos relativos al Responsable<\/b><\/p><p><b>Responsable Tratamiento<\/b><\/p><ul><li style=\"font-weight: 400;\" aria-level=\"1\"><span style=\"font-weight: 400;\">Entidad: <strong>VISET TUR\u00cdSTIC SL.<\/strong><\/span><\/li><li style=\"font-weight: 400;\" aria-level=\"1\"><span style=\"font-weight: 400;\">CIF de la entidad: <strong>B75375865<\/strong><\/span><\/li><li style=\"font-weight: 400;\" aria-level=\"1\"><span style=\"font-weight: 400;\">Direccion de la entidad: <strong>Calle Segre, 4-6, 17430, Santa Coloma de Farners, Gerona<\/strong><\/span><\/li><li style=\"font-weight: 400;\" aria-level=\"1\"><span style=\"font-weight: 400;\">Email de la entidad: <\/span><a href=\"mailto:info@romanidelmontgri.com\"><span style=\"font-weight: 400;\">info@romanidelmontgri.com<\/span><\/a><\/li><li style=\"font-weight: 400;\" aria-level=\"1\"><span style=\"font-weight: 400;\">Responsable del tratamiento:<strong> Calle Segre, 4-6, 17430, Santa Coloma de Farners, Gerona<\/strong><\/span><\/li><li style=\"font-weight: 400;\" aria-level=\"1\"><span style=\"font-weight: 400;\">Tel\u00e9fono del Responsable del tratamiento: <strong>640 53 48 15<\/strong><\/span><\/li><li style=\"font-weight: 400;\" aria-level=\"1\"><span style=\"font-weight: 400;\">Direcci\u00f3n email del Responsable del tratamiento: <strong>info@romanidelmontgri.com<\/strong><\/span><\/li><\/ul><p><b>2. Finalidades<\/b><br \/><span style=\"font-weight: 400;\">En cumplimiento de lo dispuesto en el Reglamento Europeo 2016\/679 General de Protecci\u00f3n de Datos y la Ley Org\u00e1nica 3\/2018 de Protecci\u00f3n de Datos Personales y Garant\u00eda de Derechos Digitales, le informamos que, dependiendo de la relaci\u00f3n que tenga con nosotros, en <strong>VISET TUR\u00cdSTIC SL.<\/strong> tratamos los datos que nos facilita para alguna, o todas, las siguientes finalidades:<\/span><\/p><ul><li style=\"font-weight: 400;\" aria-level=\"1\"><span style=\"font-weight: 400;\">Consulta online<\/span><\/li><li style=\"font-weight: 400;\" aria-level=\"1\"><span style=\"font-weight: 400;\">Env\u00edos de informaci\u00f3n rec\u00edproca mediante la plataforma whatsapp, sin que el Responsable pueda asegurar que esta plataforma tome medidas de seguridad y realicen tratamientos adecuados al RGPD y la LOPDGDD<\/span><\/li><li style=\"font-weight: 400;\" aria-level=\"1\"><span style=\"font-weight: 400;\">Informaci\u00f3n procedente de Cookies<\/span><\/li><li style=\"font-weight: 400;\" aria-level=\"1\"><span style=\"font-weight: 400;\">Darles un servicio<\/span><\/li><li style=\"font-weight: 400;\" aria-level=\"1\"><span style=\"font-weight: 400;\">Reservas<\/span><\/li><\/ul><p><b>3. Plazo de conservaci\u00f3n de los datos<\/b><br \/><span style=\"font-weight: 400;\">Sus datos ser\u00e1n conservados por un plazo de indefinido. En caso de que requiera su eliminaci\u00f3n de forma anticipada, solic\u00edtelo mediante el ejercicio del derecho de supresi\u00f3n. Asimismo, los datos que por motivos legales deban ser almacenados durante un tiempo necesario para cumplir normas espec\u00edficas, ser\u00e1n bloqueados y \u00fanicamente estar\u00e1n a disposici\u00f3n de la autoridad p\u00fablica correspondiente.<\/span><br \/><b><\/b><\/p><p><b>4. Legitimaci\u00f3n<\/b><\/p><p><span style=\"font-weight: 400;\">La base legal para el tratamiento de tus datos radica en:<\/span><\/p><p><span style=\"font-weight: 400;\">Consentimiento inequ\u00edvoco<\/span><\/p><p><b>5.Destinatarios<\/b><br \/><span style=\"font-weight: 400;\">Sus datos personales ser\u00e1n comunicados a terceros en los siguientes supuestos:<\/span><\/p><ol start=\"4\"><li style=\"list-style-type: none;\"><ol start=\"4\"><li style=\"list-style-type: none;\"><ul><li style=\"font-weight: 400;\" aria-level=\"1\"><span style=\"font-weight: 400;\">Administraci\u00f3n tributaria<\/span><\/li><li style=\"font-weight: 400;\" aria-level=\"1\"><span style=\"font-weight: 400;\">Bancos y entidades financieras<\/span><\/li><li style=\"font-weight: 400;\" aria-level=\"1\"><span style=\"font-weight: 400;\">Cuerpos y fuerzas de seguridad del estado<\/span><\/li><li style=\"font-weight: 400;\" aria-level=\"1\"><span style=\"font-weight: 400;\">Entidades de Consultor\u00eda\/Auditor\u00eda<\/span><\/li><li style=\"font-weight: 400;\" aria-level=\"1\"><span style=\"font-weight: 400;\">Entidades inform\u00e1ticas de mantenimiento de software y hardware<\/span><\/li><li style=\"font-weight: 400;\" aria-level=\"1\"><span style=\"font-weight: 400;\">Gestor\u00eda\/Asesor\u00eda<\/span><\/li><\/ul><\/li><\/ol><\/li><\/ol><p><b>6.Derechos<\/b><\/p><p><span style=\"font-weight: 400;\">Tiene derecho a obtener confirmaci\u00f3n sobre si a <strong>VISET TUR\u00cdSTIC SL.<\/strong> estamos tratando datos personales que le conciernan, o no.<\/span><\/p><p><span style=\"font-weight: 400;\">Asimismo, tiene derecho de acceso a sus datos personales, as\u00ed como a solicitar la rectificaci\u00f3n de los datos inexactos o, en su caso, solicitar su supresi\u00f3n cuando, entre otros motivos, los datos ya no sean necesarios para los fines que fueron recogidas.<\/span><\/p><p><span style=\"font-weight: 400;\">En determinadas circunstancias, podr\u00e1 solicitar la limitaci\u00f3n del tratamiento de sus datos, en cuyo caso \u00fanicamente los conservaremos para el ejercicio o la defensa de reclamaciones.<\/span><\/p><p><span style=\"font-weight: 400;\">Adicionalmente, en determinadas circunstancias y por motivos relacionados con su situaci\u00f3n particular, podr\u00e1 ejercer el derecho de oposici\u00f3n al tratamiento de sus datos. <strong>VISET TUR\u00cdSTIC SL.<\/strong> dejar\u00e1 de tratar los datos, salvo motivos imperiosos leg\u00edtimos, o el ejercicio o la defensa de posibles reclamaciones.<\/span><\/p><p><span style=\"font-weight: 400;\">Asimismo, podr\u00e1 ejercer el derecho a la portabilidad de los datos, as\u00ed como retirar los consentimientos facilitados en cualquier momento, sin que ello afecte a la licitud del tratamiento basado en el consentimiento previo a su retirada.<\/span><\/p><p><span style=\"font-weight: 400;\">Si desea hacer uso de cualquiera de sus derechos puede hacerlos a trav\u00e9s de los enlaces habilitados que encontrar\u00e1 a continuaci\u00f3n:<\/span><\/p><ol start=\"4\"><li style=\"list-style-type: none;\"><ol start=\"4\"><li style=\"list-style-type: none;\"><ul><li>Para ejercer su derecho de<strong>Acceso<\/strong> haga clic <a href=\"https:\/\/intranet.laboralrgpd.com\/webApp\/clientes_derechos\/derechos-formulario.php?id_cliente=UjBSZjBsY2JKZStYUjB5SFY4UUZzZz09\" target=\"_blank\" rel=\"noopener\">aqu\u00ed<\/a><\/li><li>Para ejercer su derecho de <strong>Rectificaci\u00f3n<\/strong> haga clic <a href=\"https:\/\/intranet.laboralrgpd.com\/webApp\/clientes_derechos\/derechos-formulario.php?id_cliente=UjBSZjBsY2JKZStYUjB5SFY4UUZzZz09\" target=\"_blank\" rel=\"noopener\">aqu\u00ed<\/a><\/li><li>Para ejercer su derecho de <strong>Supresi\u00f3n (Olvido)<\/strong> haga clic <a href=\"https:\/\/intranet.laboralrgpd.com\/webApp\/clientes_derechos\/derechos-formulario.php?id_cliente=UjBSZjBsY2JKZStYUjB5SFY4UUZzZz09\" target=\"_blank\" rel=\"noopener\">aqu\u00ed<\/a><\/li><li>Para ejercer su derecho de <strong>Limitaci\u00f3n del Tratamiento<\/strong> haga clic <a href=\"https:\/\/intranet.laboralrgpd.com\/webApp\/clientes_derechos\/derechos-formulario.php?id_cliente=UjBSZjBsY2JKZStYUjB5SFY4UUZzZz09\" target=\"_blank\" rel=\"noopener\">aqu\u00ed<\/a><\/li><li>Para ejercer su derecho de<strong>Oposici\u00f3n<\/strong> haga clic <a href=\"https:\/\/intranet.laboralrgpd.com\/webApp\/clientes_derechos\/derechos-formulario.php?id_cliente=UjBSZjBsY2JKZStYUjB5SFY4UUZzZz09\" target=\"_blank\" rel=\"noopener\">aqu\u00ed<\/a><\/li><li>Para ejercer su derecho de <strong>Portabilidad<\/strong> haga clic <a href=\"https:\/\/intranet.laboralrgpd.com\/webApp\/clientes_derechos\/derechos-formulario.php?id_cliente=UjBSZjBsY2JKZStYUjB5SFY4UUZzZz09\" target=\"_blank\" rel=\"noopener\">aqu\u00ed<\/a><\/li><\/ul><\/li><\/ol><\/li><\/ol><p><span style=\"font-weight: 400;\">Alternativamente, tambi\u00e9n puede dirigirse a nosotros mediante correo postal a la siguiente direcci\u00f3n: Calle Segre, 4-6, 17430, Santa Coloma de Farners, Girona adjuntado una fotocopia del DNI, para la certeza de su identidad. Recuerde facilitar la mayor informaci\u00f3n posible sobre su solicitud: Nombre y apellidos, direcci\u00f3n de correo electr\u00f3nico que utiliza para la cuenta o portal objeto de su solicitud.<\/span><\/p><p><span style=\"font-weight: 400;\">Por \u00faltimo, le informamos que puede dirigirse ante la Agencia Espa\u00f1ola de Protecci\u00f3n de Datos y otros organismos p\u00fablicos competentes para cualquier reclamaci\u00f3n derivada del tratamiento de sus datos personales.<\/span><\/p><p><b>7. Pol\u00edtica de cookies<\/b><\/p><p><span style=\"font-weight: 400;\">Para conocer las cookies que utilizamos en nuestra p\u00e1gina, recuerde que puede acceder a nuestra Pol\u00edtica de Cookies a trav\u00e9s del siguiente enlace pol\u00edtica de cookies.<\/span><\/p>\t\t\t\t\t\t\t\t<\/div>\n\t\t\t\t<\/div>\n\t\t\t\t<div class=\"elementor-element elementor-element-9a2d902 elementor-align-left elementor-widget elementor-widget-button\" data-id=\"9a2d902\" data-element_type=\"widget\" data-widget_type=\"button.default\">\n\t\t\t\t<div class=\"elementor-widget-container\">\n\t\t\t\t\t\t\t\t\t<div class=\"elementor-button-wrapper\">\n\t\t\t\t\t<a class=\"elementor-button elementor-button-link elementor-size-sm\" href=\"https:\/\/romanidelmontgri.com\/es\/\">\n\t\t\t\t\t\t<span class=\"elementor-button-content-wrapper\">\n\t\t\t\t\t\t<span class=\"elementor-button-icon\">\n\t\t\t\t<i aria-hidden=\"true\" class=\"fas fa-arrow-left\"><\/i>\t\t\t<\/span>\n\t\t\t\t\t\t\t\t\t<span class=\"elementor-button-text\">Volver al inicio<\/span>\n\t\t\t\t\t<\/span>\n\t\t\t\t\t<\/a>\n\t\t\t\t<\/div>\n\t\t\t\t\t\t\t\t<\/div>\n\t\t\t\t<\/div>\n\t\t\t\t\t<\/div>\n\t\t<\/div>\n\t\t\t\t\t<\/div>\n\t\t<\/section>\n\t\t\t\t<\/div>","protected":false},"excerpt":{"rendered":"<p>Volver al inicio Informaci\u00f3n sobre Protecci\u00f3n de Datos 1. Datos relativos al Responsable Responsable Tratamiento Entidad: VISET TUR\u00cdSTICO SL CIF de la entidad: B75375865 Direcci\u00f3n de la entidad: Calle Segre, 4-6, 17430, Santa Coloma de Farners, Girona Email de la entidad: Segre, 4-6, 17430, Santa Coloma de Farners, Girona Tel\u00e9fono del Responsable del [\u2026]<\/p>","protected":false},"author":2,"featured_media":0,"parent":0,"menu_order":0,"comment_status":"closed","ping_status":"closed","template":"elementor_header_footer","meta":{"footnotes":""},"class_list":["post-3","page","type-page","status-publish","hentry"],"_links":{"self":[{"href":"https:\/\/romanidelmontgri.com\/es\/wp-json\/wp\/v2\/pages\/3","targetHints":{"allow":["GET"]}}],"collection":[{"href":"https:\/\/romanidelmontgri.com\/es\/wp-json\/wp\/v2\/pages"}],"about":[{"href":"https:\/\/romanidelmontgri.com\/es\/wp-json\/wp\/v2\/types\/page"}],"author":[{"embeddable":true,"href":"https:\/\/romanidelmontgri.com\/es\/wp-json\/wp\/v2\/users\/2"}],"replies":[{"embeddable":true,"href":"https:\/\/romanidelmontgri.com\/es\/wp-json\/wp\/v2\/comments?post=3"}],"version-history":[{"count":66,"href":"https:\/\/romanidelmontgri.com\/es\/wp-json\/wp\/v2\/pages\/3\/revisions"}],"predecessor-version":[{"id":707,"href":"https:\/\/romanidelmontgri.com\/es\/wp-json\/wp\/v2\/pages\/3\/revisions\/707"}],"wp:attachment":[{"href":"https:\/\/romanidelmontgri.com\/es\/wp-json\/wp\/v2\/media?parent=3"}],"curies":[{"name":"wp","href":"https:\/\/api.w.org\/{rel}","templated":true}]}}