{"id":107,"date":"2022-12-20T11:28:20","date_gmt":"2022-12-20T10:28:20","guid":{"rendered":"https:\/\/blaudaro.com\/?page_id=107"},"modified":"2025-04-02T08:32:53","modified_gmt":"2025-04-02T06:32:53","slug":"avis-legal","status":"publish","type":"page","link":"https:\/\/romanidelmontgri.com\/es\/avis-legal\/","title":{"rendered":"Aviso legal"},"content":{"rendered":"<div data-elementor-type=\"wp-page\" data-elementor-id=\"107\" class=\"elementor elementor-107\" data-elementor-post-type=\"page\">\n\t\t\t\t<div class=\"elementor-element elementor-element-6e501e3 elementor-hidden-widescreen elementor-hidden-desktop elementor-hidden-laptop elementor-hidden-tablet_extra elementor-hidden-tablet elementor-hidden-mobile_extra elementor-hidden-mobile e-flex e-con-boxed e-con e-parent\" data-id=\"6e501e3\" data-element_type=\"container\" data-settings=\"{&quot;background_background&quot;:&quot;classic&quot;}\">\n\t\t\t\t\t<div class=\"e-con-inner\">\n\t\t\t\t<div class=\"elementor-element elementor-element-013fe36 elementor-widget__width-initial elementor-view-default elementor-widget elementor-widget-icon\" data-id=\"013fe36\" data-element_type=\"widget\" data-widget_type=\"icon.default\">\n\t\t\t\t<div class=\"elementor-widget-container\">\n\t\t\t\t\t\t\t<div class=\"elementor-icon-wrapper\">\n\t\t\t<a class=\"elementor-icon\" href=\"https:\/\/romanidelmontgri.com\/es\/\">\n\t\t\t<svg xmlns=\"http:\/\/www.w3.org\/2000\/svg\" xmlns:xlink=\"http:\/\/www.w3.org\/1999\/xlink\" id=\"Grupo_288\" x=\"0px\" y=\"0px\" viewbox=\"0 0 278.3 86.8\" style=\"enable-background:new 0 0 278.3 86.8;\" xml:space=\"preserve\"><style type=\"text\/css\">\t.st0{fill:#FFFFFF;}<\/style><path id=\"Trazado_220\" class=\"st0\" d=\"M48.5,48.9L38.3,73.4L27.9,48.9h-5.2v37.6h5.5V63.1h0.1l7.6,18.1h4.6l7.6-18.1h0.1v23.4h5.5 V48.9H48.5z\"><\/path><g id=\"Grupo_286\">\t<g>\t\t<g id=\"Grupo_285\">\t\t\t<path id=\"Trazado_221\" class=\"st0\" d=\"M91.1,55.4c-2.2-4.2-6.6-6.9-11.4-6.8c-2.5-0.1-5.1,0.7-7.2,2.1c-1.8,1.2-3.2,2.8-4.2,4.6    c-0.6,1.1-1,2.3-1.2,3.6c-0.3,2.9-0.4,5.9-0.4,8.8c-0.1,2.9,0.1,5.8,0.4,8.7c0.1,0.7,0.3,1.4,0.5,2c0.2,0.5,0.5,1.1,0.7,1.6    c2.3,4.2,6.7,6.7,11.4,6.8c2.6,0,5.1-0.7,7.2-2.2c1.8-1.1,3.2-2.7,4.1-4.6c0.7-1.1,1.1-2.3,1.3-3.6c0.3-2.9,0.4-5.8,0.3-8.7    c0.1-2.9,0-5.9-0.3-8.8C92.2,57.7,91.8,56.5,91.1,55.4 M86.8,75.3c-0.2,1.2-0.7,2.3-1.5,3.2c-0.6,0.8-1.3,1.4-2.2,1.9    c-1,0.6-2.2,0.9-3.4,0.9c-1.2,0-2.3-0.3-3.4-0.9c-0.9-0.4-1.7-1.1-2.3-1.9c-0.8-0.9-1.3-2-1.4-3.2c-0.3-2.5-0.5-5-0.4-7.5    c-0.1-2.5,0.1-5.1,0.4-7.6c0.2-1.2,0.7-2.2,1.4-3.1c0.6-0.8,1.4-1.5,2.3-1.9c1-0.5,2.2-0.8,3.4-0.8c1.2,0,2.4,0.3,3.4,0.8    c1.9,1.1,3.2,2.9,3.7,5.1c0.3,2.5,0.4,5,0.4,7.6C87.3,70.2,87.1,72.8,86.8,75.3\"><\/path>\t\t\t<path id=\"Trazado_222\" class=\"st0\" d=\"M127.2,75.7h-0.1l-16.5-26.7h-5.2v37.6h5.5V59.8h0.1l16.5,26.7h5.2V48.9h-5.5L127.2,75.7z\"><\/path>\t\t\t<path id=\"Trazado_223\" class=\"st0\" d=\"M143.1,54h10v32.5h5.5V54h10v-5.1h-25.5L143.1,54z\"><\/path>\t\t\t<path id=\"Trazado_224\" class=\"st0\" d=\"M190.3,71.2h7.4v2c0.1,2.1-0.7,4.2-2.2,5.7c-1.4,1.5-3.3,2.3-5.3,2.3    c-1.2,0-2.3-0.3-3.4-0.9c-0.9-0.4-1.7-1.1-2.3-1.9c-0.8-0.9-1.3-2-1.4-3.2c-0.3-2.5-0.5-5-0.4-7.5c-0.1-2.5,0.1-5.1,0.4-7.6    c0.2-1.2,0.7-2.2,1.4-3.1c0.6-0.8,1.4-1.5,2.3-1.9c1-0.5,2.2-0.8,3.4-0.8c1.6,0,3.2,0.5,4.5,1.6c1.2,1,2,2.4,2.5,3.9h5.8    c-0.5-3-2-5.8-4.2-7.9c-2.3-2.2-5.4-3.3-8.6-3.2c-2.6-0.1-5.1,0.7-7.2,2.1c-1.8,1.2-3.2,2.8-4.2,4.6c-0.6,1.1-1,2.3-1.2,3.6    c-0.3,2.9-0.4,5.8-0.4,8.8c-0.1,2.9,0.1,5.8,0.4,8.7c0.1,0.7,0.3,1.4,0.5,2c0.2,0.5,0.5,1.1,0.7,1.6c2.3,4.2,6.7,6.7,11.4,6.8    c3.5,0,6.8-1.4,9.2-3.9c2.4-2.5,3.8-5.9,3.7-9.4v-7.6h-12.9V71.2z\"><\/path>\t\t\t<path id=\"Trazado_225\" class=\"st0\" d=\"M241.3,59.4c0.1-3.1-1.2-6-3.6-8c-2.1-1.7-4.7-2.6-7.4-2.5H216v37.6h5.5V70.5h7.1l7.5,16.1    h6.5l-8.4-16.7C238.9,68,241.2,64.5,241.3,59.4 M229.9,65.4h-8.4V54h8.7c1.4-0.1,2.9,0.3,4.1,1.2c1.3,1,1.9,2.6,1.8,4.3    c0.1,3.2-2.4,5.9-5.6,6C230.3,65.4,230.1,65.4,229.9,65.4\"><\/path>\t\t\t<path id=\"Trazado_226\" class=\"st0\" d=\"M75.3,35.6c0.6-1,1-2.1,1.1-3.2c0.2-2.5,0.3-5.1,0.3-7.6c0.1-2.6,0-5.1-0.3-7.7    c-0.1-1.1-0.5-2.2-1.1-3.1c-1.9-3.7-5.8-6-10-5.9C63.1,8,61,8.7,59.1,9.9c-1.6,1-2.8,2.4-3.7,4c-0.5,1-0.9,2-1.1,3.1    c-0.3,2.6-0.4,5.1-0.3,7.7c-0.1,2.5,0,5.1,0.3,7.6c0.1,0.6,0.2,1.2,0.4,1.8c0.2,0.5,0.4,0.9,0.6,1.4c2,3.6,5.8,5.9,10,5.9    c2.3,0,4.5-0.6,6.3-1.9C73.2,38.6,74.5,37.2,75.3,35.6 M70.3,34.1c-0.5,0.7-1.2,1.3-1.9,1.7c-0.9,0.5-2,0.8-3,0.7    c-1,0-2-0.2-2.9-0.7c-0.8-0.4-1.5-1-2-1.7c-0.7-0.8-1.1-1.8-1.2-2.8c-0.3-2.2-0.4-4.4-0.3-6.6c-0.1-2.2,0.1-4.4,0.3-6.6    c0.2-1,0.6-2,1.2-2.7c0.5-0.7,1.2-1.3,2-1.7c0.9-0.5,1.9-0.7,2.9-0.7c1,0,2.1,0.2,3,0.7c0.8,0.4,1.4,1,1.9,1.7    c0.7,0.8,1.1,1.7,1.3,2.7c0.3,2.2,0.4,4.4,0.3,6.6c0.1,2.2,0,4.4-0.3,6.6C71.4,32.4,71,33.3,70.3,34.1\"><\/path>\t\t\t<path id=\"Trazado_227\" class=\"st0\" d=\"M110.2,20.7v20.5h4.8V8.3h-4.6l-9,21.4L92.4,8.3h-4.5v32.9h4.8V20.7h0.1l6.7,15.8h4    l6.7-15.8L110.2,20.7z\"><\/path>\t\t\t<path id=\"Trazado_228\" class=\"st0\" d=\"M131.7,33.9h12.1l2.5,7.4h5.1L139.8,8.3h-4l-11.6,32.9h5.1L131.7,33.9z M137.7,15.1    L137.7,15.1l4.7,14.4h-9.3L137.7,15.1z\"><\/path>\t\t\t<path id=\"Trazado_229\" class=\"st0\" d=\"M165.1,17.9L165.1,17.9l14.5,23.4h4.6V8.3h-4.8v23.4h-0.1L164.8,8.3h-4.5v32.9h4.8V17.9z\"><\/path>\t\t\t<rect id=\"Rect&#xE1;ngulo_123\" x=\"196.5\" y=\"8.3\" class=\"st0\" width=\"4.8\" height=\"32.9\"><\/rect>\t\t\t<path id=\"Trazado_230\" class=\"st0\" d=\"M195.5,6.7h3.8l6.3-6.7h-6L195.5,6.7z\"><\/path>\t\t\t<path id=\"Trazado_231\" class=\"st0\" d=\"M224.7,41.6c0.8-0.5,1.5-1.2,2-2c0.2-0.3,0.3-0.6,0.5-0.9c0.1-0.3,0.2-0.6,0.3-1    c0.2-1.3,0.2-2.5,0.2-3.8c0-1.2,0-2.4-0.1-3.6c-0.1-0.7-0.4-1.4-0.7-2c-1-1.8-2.9-2.9-5-2.8h-5.7v16.8h5.5    C222.7,42.5,223.8,42.2,224.7,41.6 M218.6,40V28h3c1.2-0.1,2.3,0.5,2.9,1.4c0.4,0.4,0.6,1,0.6,1.5c0.1,0.6,0.1,1.7,0.1,3.1    c0,1,0,2.1-0.1,3.1c-0.1,0.5-0.2,1-0.5,1.4c-0.7,1-1.8,1.6-3,1.5L218.6,40z\"><\/path>\t\t\t<path id=\"Trazado_232\" class=\"st0\" d=\"M233.4,42.4h10.4V40h-7.9v-5h6.8v-2.3h-6.8V28h7.9v-2.4h-10.4V42.4z\"><\/path>\t\t\t<path id=\"Trazado_233\" class=\"st0\" d=\"M259.3,40h-7.9V25.6h-2.5v16.8h10.4V40z\"><\/path>\t\t\t<path id=\"Trazado_234\" class=\"st0\" d=\"M278.1,61.4c-0.3-0.4-0.7-0.6-1.1-0.6c-3.4-0.3-8.4,1.2-12,4.1c0.9-1.3,2-2.5,3.3-3.5    c0,0,0,0,0,0c2.8-2.1,5.3-4.7,7.4-7.5c0.6-0.8,1-1.9,1.1-2.9c0-0.2-0.2-0.4-0.4-0.4c-1.4-0.1-2.8,0.6-4.3,2.3    c-2,2.4-3.5,5.2-4.5,8.1c-1.3,1.2-2.5,2.5-3.5,3.9c0.8-4.5-0.1-10-2.4-13.5c0,0,0,0,0,0c0-0.1-0.1-0.1-0.1-0.1c0,0,0,0,0,0    c0,0-0.1,0-0.1,0c0,0,0,0,0,0s0,0,0,0c0,0,0,0,0,0c0,0-0.1,0-0.1,0.1c0,0,0,0,0,0c-0.1,0-0.1,0.1-0.1,0.1c0,0,0,0,0,0v0l0,0    c-0.4,0.9-0.6,1.8-0.7,2.7c-0.1,1.6,0,3.1,0.3,4.7c0.4,2.7,1.2,5.4,2.3,7.9c0,0,0,0,0,0c-1,1.7-1.7,3.6-2.3,5.4    c-0.1-0.5-1.2,5.3-1.4,6.9c-0.1,0.6-0.1,1.3-0.1,1.9V48.9h-5.5v37.6h5.5c0,0,0,0,0,0l0.8-0.1c-0.1-2.9,0-5.9,0.4-8.8    c0,0,0.1,0,0.1,0c1.6-0.9,3.3-1.6,5.1-2.1c0.5-0.2,1.1-0.3,1.6-0.5c2.1-0.7,4.6-1.8,6.3-3.9c0.2-0.2,0.4-0.6,0.3-0.9v0    c-0.1-0.5-0.4-0.8-1.1-1c-1.6-0.3-3.3-0.2-4.8,0.3c-1.7,0.4-3.3,1.2-4.7,2.2c-0.8,0.7-1.5,1.5-2.1,2.4c0.1-0.5,0.2-0.9,0.4-1.4    c0.5-1.7,1.1-3.3,1.9-4.8c4.1-0.8,8.2-1.9,12.2-3.2c1.3-0.3,2.3-1.1,2.9-2.3c0-0.1,0.1-0.2,0.1-0.3c0,0,0,0,0,0s0,0,0,0    C278.3,61.9,278.3,61.6,278.1,61.4 M275,53.5c-1.2,1.7-2.6,3.3-4.1,4.7l4.9-6.1C275.6,52.5,275.3,53,275,53.5 M272.6,53.4    c0.6-0.8,1.5-1.4,2.4-1.8l-5.8,7.2C270.2,56.8,271.3,55,272.6,53.4 M266.7,74.3c-0.5,0.2-1,0.3-1.6,0.5c-0.9,0.3-1.7,0.6-2.6,0.9    c1.1-0.8,2.4-1.4,3.7-1.9c2-0.7,3.9-1.5,5.7-2.5C270.4,72.7,268.6,73.7,266.7,74.3 M262.5,74.7c2.4-2.3,5.5-3.7,8.9-4    c-1.8,0.9-3.6,1.6-5.4,2.3C264.7,73.5,263.6,74.1,262.5,74.7 M263.4,72.4c1.3-1,2.8-1.7,4.4-2.1c1.2-0.4,2.5-0.5,3.7-0.4    c-3.7,0.3-7.2,1.9-9.9,4.5C262.2,73.7,262.8,73,263.4,72.4 M261.3,58.8c-0.4-1.9-0.4-3.8-0.1-5.6c0.7,3.6,1.2,7.3,1.3,11    C262,62.4,261.6,60.6,261.3,58.8 M263.4,63.9c-0.1-3.1-0.5-6.1-1-9.2C263.4,57.7,263.8,60.9,263.4,63.9 M275,64.1    c-1.8,0.7-3.6,1.2-5.4,1.7l7.1-2.5C276.1,63.6,275.6,63.9,275,64.1 M266.2,66.1c2.9-1.7,6.1-2.8,9.5-3.4L266.2,66.1z M265.5,65.5    c3.4-2.7,8.2-4.2,11.4-3.9c0.2,0,0.3,0.1,0.5,0.1C272.9,61.8,268.4,63.9,265.5,65.5\"><\/path>\t\t\t<path id=\"Trazado_235\" class=\"st0\" d=\"M23.5,41.2h3.6V27.2h6.2l6.6,14.1h5.7l-7.4-14.6c4-1.6,6.1-4.6,6.2-9.1    c0.1-2.7-1.1-5.3-3.2-7c-1.8-1.5-4.1-2.3-6.5-2.2H22.3v24.1c0,0,0,0,0,0.1c-0.2,0.5-0.4,1.1-0.6,1.7c-0.8-2.2-1.8-4.4-3-6.4    c0,0,0,0,0,0c1.2-3.1,2-6.3,2.4-9.6c0.3-1.9,0.3-3.7,0.1-5.6c-0.1-1.1-0.5-2.2-1-3.2v0v0l0,0c0-0.1-0.1-0.1-0.2-0.2c0,0,0,0,0,0    c0,0-0.1-0.1-0.2-0.1c0,0,0,0-0.1,0c0,0,0,0,0,0s0,0,0,0c-0.1,0-0.1,0-0.2,0c0,0,0,0,0,0c-0.1,0-0.1,0.1-0.2,0.2c0,0,0,0,0,0    c-2.6,4.3-3.4,10.9-2.2,16.2c-1.3-1.7-2.7-3.2-4.4-4.5c-1.3-3.5-3.3-6.7-5.8-9.5C5.1,9.5,3.4,8.7,1.7,8.9C1.5,9,1.3,9.2,1.3,9.4    c0.1,1.3,0.6,2.5,1.4,3.4c2.5,3.5,5.9,6.1,9.2,8.6c0,0,0,0,0,0c1.5,1.2,2.9,2.5,4.1,4c-4.4-3.3-10.5-4.9-14.5-4.3    c-0.5,0-1,0.3-1.3,0.7C0,22.2,0,22.6,0,22.9c0,0,0,0,0,0s0,0,0,0c0,0.1,0.1,0.2,0.1,0.3c0.6,1.5,2.2,2.1,3.6,2.6    c4.8,1.4,9.7,2.5,14.7,3.3c1,1.8,1.8,3.7,2.5,5.7c0.2,0.5,0.3,1.1,0.5,1.6c-0.7-1.1-1.6-2-2.6-2.8c-1.7-1.2-3.7-2-5.7-2.4    c-1.9-0.5-3.9-0.6-5.8-0.1c-0.8,0.2-1.2,0.6-1.3,1.2v0c0,0.4,0.2,0.8,0.5,1.1c2.1,2.4,5.2,3.6,7.7,4.4c0.6,0.2,1.3,0.4,1.9,0.5    c2.1,0.5,4.2,1.3,6.2,2.2v0.7H23.5z M27.1,12.8h7.6c1.3-0.1,2.5,0.3,3.5,1c1.1,0.9,1.7,2.3,1.6,3.7c0.1,2.8-2.1,5.2-4.9,5.3    c-0.2,0-0.3,0-0.5,0h-7.3L27.1,12.8z M3.1,12.3c-0.4-0.5-0.7-1.1-1-1.7l6.1,7C6.4,16.1,4.6,14.3,3.1,12.3 M3,10.1    c1.1,0.4,2.2,1.2,3,2.1c1.7,1.9,3.1,4,4.2,6.2L3,10.1z M3.7,25c-0.7-0.2-1.4-0.5-2-0.9l8.6,2.7C8,26.2,5.8,25.7,3.7,25 M2.7,23.4    c4,0.5,7.9,1.7,11.5,3.6L2.7,23.4z M0.7,22.4c0.2-0.1,0.4-0.2,0.6-0.2c3.8-0.6,9.6,1,13.8,4.1C11.6,24.4,6,22.2,0.7,22.4     M17.6,24.3c-0.6-3.7-0.4-7.4,0.7-11C17.8,16.9,17.6,20.6,17.6,24.3 M19.6,11.3c0.5,2.2,0.6,4.5,0.2,6.7    c-0.2,2.2-0.7,4.3-1.2,6.4C18.5,20,18.9,15.6,19.6,11.3 M16,37.3c-0.6-0.2-1.3-0.4-1.9-0.5c-2.4-0.6-4.6-1.7-6.4-3.2    c2.3,1,4.6,1.9,7,2.7c1.6,0.5,3.1,1.2,4.5,2C18.1,37.9,17.1,37.6,16,37.3 M8.3,32.8c4,0.2,7.8,1.7,10.8,4.3    c-1.3-0.8-2.7-1.4-4.2-1.8C12.7,34.6,10.5,33.7,8.3,32.8 M8.1,31.8c1.5-0.2,3-0.1,4.5,0.3c1.9,0.4,3.7,1.1,5.3,2.3    c0.8,0.7,1.6,1.4,2.2,2.3C16.8,33.7,12.5,32,8.1,31.8\"><\/path>\t\t<\/g>\t<\/g><\/g><\/svg>\t\t\t<\/a>\n\t\t<\/div>\n\t\t\t\t\t\t<\/div>\n\t\t\t\t<\/div>\n\t\t\t\t<div class=\"elementor-element elementor-element-7bd2638 elementor-align-right elementor-widget elementor-widget-button\" data-id=\"7bd2638\" data-element_type=\"widget\" data-widget_type=\"button.default\">\n\t\t\t\t<div class=\"elementor-widget-container\">\n\t\t\t\t\t\t\t\t\t<div class=\"elementor-button-wrapper\">\n\t\t\t\t\t<a class=\"elementor-button elementor-button-link elementor-size-sm\" href=\"https:\/\/romanidelmontgri.com\/es\/\">\n\t\t\t\t\t\t<span class=\"elementor-button-content-wrapper\">\n\t\t\t\t\t\t<span class=\"elementor-button-icon\">\n\t\t\t\t<i aria-hidden=\"true\" class=\"fas fa-arrow-left\"><\/i>\t\t\t<\/span>\n\t\t\t\t\t\t\t\t\t<span class=\"elementor-button-text\">Volver al inicio<\/span>\n\t\t\t\t\t<\/span>\n\t\t\t\t\t<\/a>\n\t\t\t\t<\/div>\n\t\t\t\t\t\t\t\t<\/div>\n\t\t\t\t<\/div>\n\t\t\t\t\t<\/div>\n\t\t\t\t<\/div>\n\t\t<div class=\"elementor-element elementor-element-ca8a020 e-con-full e-flex e-con e-parent\" data-id=\"ca8a020\" data-element_type=\"container\" data-settings=\"{&quot;background_background&quot;:&quot;classic&quot;}\">\n\t\t<div class=\"elementor-element elementor-element-5996bb9 e-flex e-con-boxed e-con e-child\" data-id=\"5996bb9\" data-element_type=\"container\">\n\t\t\t\t\t<div class=\"e-con-inner\">\n\t\t\t\t<div class=\"elementor-element elementor-element-478f168 elementor-widget elementor-widget-heading\" data-id=\"478f168\" data-element_type=\"widget\" data-widget_type=\"heading.default\">\n\t\t\t\t<div class=\"elementor-widget-container\">\n\t\t\t\t\t<h1 class=\"elementor-heading-title elementor-size-default\">Aviso legal<\/h1>\t\t\t\t<\/div>\n\t\t\t\t<\/div>\n\t\t\t\t\t<\/div>\n\t\t\t\t<\/div>\n\t\t\t\t<\/div>\n\t\t\t\t<section class=\"elementor-section elementor-top-section elementor-element elementor-element-7ccd1136 elementor-section-boxed elementor-section-height-default elementor-section-height-default\" data-id=\"7ccd1136\" data-element_type=\"section\">\n\t\t\t\t\t\t<div class=\"elementor-container elementor-column-gap-default\">\n\t\t\t\t\t<div class=\"elementor-column elementor-col-100 elementor-top-column elementor-element elementor-element-7ea69ab3\" data-id=\"7ea69ab3\" data-element_type=\"column\">\n\t\t\t<div class=\"elementor-widget-wrap elementor-element-populated\">\n\t\t\t\t\t\t<div class=\"elementor-element elementor-element-3d5e0173 elementor-widget elementor-widget-text-editor\" data-id=\"3d5e0173\" data-element_type=\"widget\" data-widget_type=\"text-editor.default\">\n\t\t\t\t<div class=\"elementor-widget-container\">\n\t\t\t\t\t\t\t\t\t<p><b>1. Objeto y aceptaci\u00f3n<\/b><\/p><p><span style=\"font-weight: 400;\">Este aviso legal regula el uso de nuestro sitio web, del que es titular <strong>VISET TUR\u00cdSTIC SL.<\/strong> La navegaci\u00f3n por el sitio web de <strong>VISET TUR\u00cdSTIC SL.<\/strong> atribuye la condici\u00f3n de usuario e implica la aceptaci\u00f3n plena y sin reservas de todas y cada una de las disposiciones incluidas en el mismo <strong>Aviso Legal<\/strong>, que pueden sufrir modificaciones. Usted se obliga a hacer un uso correcto del sitio web de conformidad con las leyes, la buena fe, el orden p\u00fablico, los usos del tr\u00e1fico y \u00e9ste <strong>Aviso Legal<\/strong>. El usted responder\u00e1 delante de <strong>VISET TUR\u00cdSTIC SL.<\/strong> o frente a terceros, de cualquier da\u00f1o y perjuicio que le puedan causar como consecuencia del incumplimiento de esta obligaci\u00f3n.<\/span><\/p><p><b>2. Identificaci\u00f3n y comunicaciones<\/b><\/p><ul><li style=\"font-weight: 400;\" aria-level=\"1\"><span style=\"font-weight: 400;\"><strong>VISET TUR\u00cdSTIC SL.<\/strong>, en cumplimiento de la Ley 34\/2002, de 11 de julio, de servicios de la sociedad de la informaci\u00f3n y de comercio electr\u00f3nico, le informa que:<\/span><\/li><li style=\"font-weight: 400;\" aria-level=\"1\"><span style=\"font-weight: 400;\">Su denominaci\u00f3n social es: <strong>VISET TUR\u00cdSTIC SL.<\/strong><\/span><\/li><li style=\"font-weight: 400;\" aria-level=\"1\"><span style=\"font-weight: 400;\">Su CIF es: <strong>B75375865<\/strong><\/span><\/li><li style=\"font-weight: 400;\" aria-level=\"1\"><span style=\"font-weight: 400;\">Su domicilio social se encuentra en: <strong>Calle Segre, 4-6, 17430, Santa Coloma de Farners, Gerona<\/strong><\/span><\/li><li style=\"font-weight: 400;\" aria-level=\"1\"><span style=\"font-weight: 400;\">Inscripci\u00f3n en el registro mercantil:<\/span><\/li><\/ul><p><span style=\"font-weight: 400;\">Para comunicarse con nosotros, ponemos a su disposici\u00f3n diferentes medios de contacto especificados en la pol\u00edtica de privacidad.<\/span><\/p><p><span style=\"font-weight: 400;\">Todas las notificaciones y comunicaciones que realice con VISET TUR\u00cdSTICO SL se considerar\u00e1n eficaces, con car\u00e1cter general, siempre que se realicen por los medios especificados anteriormente<\/span><\/p><p><b>3. Condiciones de acceso y utilizaci\u00f3n<\/b><br \/><span style=\"font-weight: 400;\">El sitio web y sus servicios son de libre acceso, sin embargo, <strong>VISET TUR\u00cdSTIC SL.<\/strong> condiciona la utilizaci\u00f3n de algunos de los servicios ofrecidos en su web a la cumplimentaci\u00f3n previa del correspondiente formulario.<\/span><\/p><p><span style=\"font-weight: 400;\">Usted garantiza la autenticidad y la actualidad de todos aquellos datos que comunique a <strong>VISET TUR\u00cdSTIC SL.<\/strong> y ser\u00e1 el \u00fanico responsable de las manifestaciones falsas o inexactas que realice.<\/span><\/p><p><span style=\"font-weight: 400;\">Usted se compromete expresamente a hacer un uso adecuado de los contenidos y servicios de <strong>VISET TUR\u00cdSTIC SL.<\/strong> ya no utilizarlos para, entre otros:<\/span><\/p><ul><li style=\"font-weight: 400;\" aria-level=\"1\"><span style=\"font-weight: 400;\">Difundir contenidos, delictivos, violentos, pornogr\u00e1ficos, racistas, xen\u00f3fobo, ofensivos, de apolog\u00eda del terrorismo o, en general, contrarios a la ley u orden p\u00fablico.<\/span><\/li><li style=\"font-weight: 400;\" aria-level=\"1\"><span style=\"font-weight: 400;\">Introducir en la red virus inform\u00e1ticos o realizar actuaciones susceptibles de alterar, da\u00f1ar, interrumpir o generar errores o da\u00f1os en los documentos electr\u00f3nicos, datos o sistemas f\u00edsicos y l\u00f3gicos de <strong>VISET TUR\u00cdSTIC SL.<\/strong> o de terceras personas; as\u00ed como obstaculizar el acceso de otros usuarios al sitio web ya sus servicios mediante el consumo masivo de los recursos inform\u00e1ticos a trav\u00e9s de los cuales <strong>VISET TUR\u00cdSTIC SL.<\/strong> presta sus servicios.<\/span><\/li><li style=\"font-weight: 400;\" aria-level=\"1\"><span style=\"font-weight: 400;\">Intentar acceder datos de otras personas o \u00e1reas restringidas de los sistemas inform\u00e1ticos de <strong>VISET TUR\u00cdSTIC SL.<\/strong> o de terceros y, en su caso, extraer informaci\u00f3n.<\/span><\/li><li style=\"font-weight: 400;\" aria-level=\"1\"><span style=\"font-weight: 400;\">Vulnerar los derechos de propiedad intelectual o industrial, as\u00ed como violar la confidencialidad de la informaci\u00f3n de <strong>VISET TUR\u00cdSTIC SL.<\/strong> o de terceros.<\/span><\/li><li style=\"font-weight: 400;\" aria-level=\"1\"><span style=\"font-weight: 400;\">Suplantar la identidad de otro usuario, de las administraciones p\u00fablicas o de un tercero.<\/span><\/li><li style=\"font-weight: 400;\" aria-level=\"1\"><span style=\"font-weight: 400;\">Reproducir, copiar, distribuir, poner a disposici\u00f3n o de cualquier otra forma comunicar p\u00fablicamente, transformar o modificar los contenidos, salvo que se cuente con la autorizaci\u00f3n del titular de los correspondientes derechos o ello resulte legalmente permitido.<\/span><\/li><li style=\"font-weight: 400;\" aria-level=\"1\"><span style=\"font-weight: 400;\">Recabar datos con finalidad publicitaria y de remitir publicidad de cualquier clase y comunicaciones con fines de venta u otros de naturaleza comercial sin que intervenga su previa solicitud o consentimiento.<\/span><\/li><\/ul><p><span style=\"font-weight: 400;\">Todos los contenidos del sitio web, tales como textos, fotograf\u00edas, gr\u00e1ficos, im\u00e1genes, iconos, tecnolog\u00eda, software, as\u00ed como su dise\u00f1o gr\u00e1fico y c\u00f3digos fuente, constituyen una obra cuya propiedad pertenece a <strong>VISET TUR\u00cdSTIC SL.<\/strong>, sin que puedan entenderse como cedidos ninguno de los derechos de explotaci\u00f3n sobre \u00e9stos m\u00e1s all\u00e1 de lo estrictamente necesario para el correcto uso de la web.<\/span><\/p><p><span style=\"font-weight: 400;\">En definitiva, usted que accede a este sitio web, puede visualizar los contenidos y efectuar, en su caso, copias privadas autorizadas siempre que los elementos reproducidos no sean cedidos posteriormente a terceros, ni se instalen en servidores conectados a redes, ni sean objeto de explotaci\u00f3n alguna.<\/span><\/p><p><span style=\"font-weight: 400;\">Asimismo, todas las marcas, nombres comerciales o signos distintivos de cualquier clase que aparecen en el sitio web son propiedad de <strong>VISET TUR\u00cdSTIC SL.<\/strong>, sin que pueda entenderse que el uso o acceso a \u00e9ste le atribuya ning\u00fan derecho sobre los mismos.<\/span><\/p><p><span style=\"font-weight: 400;\">La distribuci\u00f3n, modificaci\u00f3n, cesi\u00f3n o comunicaci\u00f3n p\u00fablica de los contenidos y cualquier otro acto que no haya sido expresamente autorizado por el titular de los derechos de explotaci\u00f3n quedan prohibidos.<\/span><\/p><p><span style=\"font-weight: 400;\">El establecimiento de un hiperenlace no implica en ning\u00fan caso la existencia de relaciones entre <strong>VISET TUR\u00cdSTIC SL.<\/strong> y el propietario del sitio web donde se establezca, ni la aceptaci\u00f3n y aprobaci\u00f3n por parte de <strong>VISET TUR\u00cdSTIC SL.<\/strong> sus contenidos o servicios. Aquellas personas que se propongan establecer un hiperenlace previamente deben solicitar autorizaci\u00f3n por escrito a <strong>VISET TUR\u00cdSTIC SL.<\/strong>. En todo caso, el hiperenlace \u00fanicamente permitir\u00e1 el acceso a la p\u00e1gina web o p\u00e1gina de inicio de nuestro sitio web, as\u00ed mismo deber\u00e1 abstenerse de hacer manifestaciones o indicaciones falsas, inexactas o incorrectas sobre <strong>VISET TUR\u00cdSTIC SL.<\/strong>, o incluir contenidos il\u00edcitos, contrarios a las buenas costumbres y al orden p\u00fablico.<\/span><\/p><p><span style=\"font-weight: 400;\"><strong>VISET TUR\u00cdSTIC SL.<\/strong> no se responsabiliza del uso que cada usuario d\u00e9 a los materiales puestos a disposici\u00f3n en este sitio web ni de las actuaciones que realice sobre la base de los mismos.<\/span><br \/><b> <\/b><\/p><p><b>4. Exclusi\u00f3n de garant\u00edas y de responsabilidad<\/b><\/p><p><span style=\"font-weight: 400;\"><strong>VISET TUR\u00cdSTIC SL.<\/strong> excluye, hasta donde permite el ordenamiento jur\u00eddico, cualquier responsabilidad por los da\u00f1os y perjuicios de toda naturaleza derivados de:<\/span><\/p><p><span style=\"font-weight: 400;\">La imposibilidad de acceso al sitio web o la falta de veracidad, exactitud, exhaustividad y\/o actualidad de los contenidos, as\u00ed como la existencia de vicios y defectos de todo tipo de los contenidos transmitidos, difundidos, almacenados, puestos a disposici\u00f3n a los que se haya accedido a trav\u00e9s del sitio web o de los servicios que se ofrecen.<\/span><\/p><p><span style=\"font-weight: 400;\">La presencia de virus u otros elementos en los contenidos que puedan producir alteraciones en sistemas inform\u00e1ticos, documentos electr\u00f3nicos o datos de los usuarios.<\/span><\/p><p><span style=\"font-weight: 400;\">El incumplimiento de las leyes, buena fe, orden p\u00fablico, usos del tr\u00e1fico y este aviso legal como consecuencia del uso incorrecto del sitio web. En particular, y de forma ejemplificativa, <strong>VISET TUR\u00cdSTIC SL.<\/strong> no se hace responsable de las actuaciones de terceros que vulneren derechos de propiedad intelectual e industrial, secretos empresariales, derechos al honor, a la intimidad personal y familiar ya la propia imagen, as\u00ed como la normativa en materia de competencia desleal y publicidad il\u00edcita.<\/span><\/p><p><span style=\"font-weight: 400;\">Asimismo, <strong>VISET TUR\u00cdSTIC SL.<\/strong> declina cualquier responsabilidad respecto a la informaci\u00f3n que est\u00e9 fuera de esta web y no sea gestionada directamente por nuestro webmaster. La funci\u00f3n de los links que aparecen en esta web es exclusivamente informar al usuario sobre la existencia de otras fuentes susceptibles de ampliar los contenidos que ofrece este sitio web. <strong>VISET TUR\u00cdSTIC SL.<\/strong> no garantiza ni se responsabiliza del funcionamiento o accesibilidad de los sitios enlazados; ni sugiere, invita o recomienda la visita a \u00e9stos, por lo que tampoco ser\u00e1 responsable del resultado obtenido. <strong>VISET TUR\u00cdSTIC SL.<\/strong> no se responsabiliza del establecimiento de hiperv\u00ednculos por parte de terceros.<\/span><\/p><p><b>5. Procedimiento en caso de realizaci\u00f3n de actividades de car\u00e1cter il\u00edcito<\/b><br \/><span style=\"font-weight: 400;\">En caso de que usted o un tercero considere que hay hechos o circunstancias que revelen el car\u00e1cter il\u00edcito de la utilizaci\u00f3n de cualquier contenido y\/o de la realizaci\u00f3n de cualquier actividad en las p\u00e1ginas web incluidas o accesibles a trav\u00e9s del sitio web, deber\u00e1 ponerse en contacto con <strong>VISET TUR\u00cdSTIC SL.<\/strong> identific\u00e1ndose debidamente, especificando las supuestas infracciones y declarando expresamente y bajo su responsabilidad que la informaci\u00f3n proporcionada a la notificaci\u00f3n es exacta.<\/span><\/p><p><span style=\"font-weight: 400;\">Para toda cuesti\u00f3n litigiosa que incumba al sitio web de <strong>VISET TUR\u00cdSTIC SL.<\/strong>, ser\u00e1 aplicable la legislaci\u00f3n espa\u00f1ola, siendo competentes los Juzgados y Tribunales m\u00e1s cercanos a la sede de (Espa\u00f1a).<\/span><\/p><p><b>6. Publicaciones<\/b><br \/><span style=\"font-weight: 400;\">La informaci\u00f3n administrativa facilitada a trav\u00e9s del sitio web no sustituye a la publicidad legal de las leyes, normativas, planes, disposiciones generales y actas que deban ser publicados formalmente en los diarios oficiales de las administraciones p\u00fablicas, que constituyen el \u00fanico instrumento que da fe de su autenticidad y contenido. La informaci\u00f3n disponible en este sitio web debe entenderse como una gu\u00eda sin prop\u00f3sito de validez legal.<\/span><\/p>\t\t\t\t\t\t\t\t<\/div>\n\t\t\t\t<\/div>\n\t\t\t\t<div class=\"elementor-element elementor-element-24ca5ae elementor-align-left elementor-widget elementor-widget-button\" data-id=\"24ca5ae\" data-element_type=\"widget\" data-widget_type=\"button.default\">\n\t\t\t\t<div class=\"elementor-widget-container\">\n\t\t\t\t\t\t\t\t\t<div class=\"elementor-button-wrapper\">\n\t\t\t\t\t<a class=\"elementor-button elementor-button-link elementor-size-sm\" href=\"https:\/\/romanidelmontgri.com\/es\/\">\n\t\t\t\t\t\t<span class=\"elementor-button-content-wrapper\">\n\t\t\t\t\t\t<span class=\"elementor-button-icon\">\n\t\t\t\t<i aria-hidden=\"true\" class=\"fas fa-arrow-left\"><\/i>\t\t\t<\/span>\n\t\t\t\t\t\t\t\t\t<span class=\"elementor-button-text\">Volver al inicio<\/span>\n\t\t\t\t\t<\/span>\n\t\t\t\t\t<\/a>\n\t\t\t\t<\/div>\n\t\t\t\t\t\t\t\t<\/div>\n\t\t\t\t<\/div>\n\t\t\t\t\t<\/div>\n\t\t<\/div>\n\t\t\t\t\t<\/div>\n\t\t<\/section>\n\t\t\t\t<\/div>","protected":false},"excerpt":{"rendered":"<p>Volver al inicio 1. Objeto y aceptaci\u00f3n Este aviso legal regula el uso de nuestro sitio web, del que es titular VISET TUR\u00cdSTIC SL. La navegaci\u00f3n por el sitio web de VISET TUR\u00cdSTIC SL atribuye la condici\u00f3n de usuario e implica la aceptaci\u00f3n plena y sin reservas de todas y cada una de las disposiciones incluidas en este Aviso Legal, [\u2026]<\/p>","protected":false},"author":2,"featured_media":0,"parent":0,"menu_order":0,"comment_status":"closed","ping_status":"closed","template":"elementor_header_footer","meta":{"footnotes":""},"class_list":["post-107","page","type-page","status-publish","hentry"],"_links":{"self":[{"href":"https:\/\/romanidelmontgri.com\/es\/wp-json\/wp\/v2\/pages\/107","targetHints":{"allow":["GET"]}}],"collection":[{"href":"https:\/\/romanidelmontgri.com\/es\/wp-json\/wp\/v2\/pages"}],"about":[{"href":"https:\/\/romanidelmontgri.com\/es\/wp-json\/wp\/v2\/types\/page"}],"author":[{"embeddable":true,"href":"https:\/\/romanidelmontgri.com\/es\/wp-json\/wp\/v2\/users\/2"}],"replies":[{"embeddable":true,"href":"https:\/\/romanidelmontgri.com\/es\/wp-json\/wp\/v2\/comments?post=107"}],"version-history":[{"count":49,"href":"https:\/\/romanidelmontgri.com\/es\/wp-json\/wp\/v2\/pages\/107\/revisions"}],"predecessor-version":[{"id":736,"href":"https:\/\/romanidelmontgri.com\/es\/wp-json\/wp\/v2\/pages\/107\/revisions\/736"}],"wp:attachment":[{"href":"https:\/\/romanidelmontgri.com\/es\/wp-json\/wp\/v2\/media?parent=107"}],"curies":[{"name":"wp","href":"https:\/\/api.w.org\/{rel}","templated":true}]}}